{"id":2847,"date":"2022-01-25T15:50:06","date_gmt":"2022-01-25T15:50:06","guid":{"rendered":"https:\/\/pp-grabovaca.hr\/?page_id=2847"},"modified":"2022-01-25T15:55:02","modified_gmt":"2022-01-25T15:55:02","slug":"pristupacnost-mreznih-stranica","status":"publish","type":"page","link":"https:\/\/pp-grabovaca.hr\/en\/pristupacnost-mreznih-stranica\/","title":{"rendered":"Accessibility Of Networks"},"content":{"rendered":"<p>Web accessibility<\/p>\n<p>Stupanjem na snagu Zakona o pristupa\u010dnosti mre\u017enih stranica i programskih rje\u0161enja za pokretne ure\u0111aje tijela javnog sektora Republike Hrvatske, <strong>Javna Ustanova Pejinski park Grabova\u010da<\/strong>\u00a0\u0107e nakon provedbe testiranja pristupa\u010dnosti, na ovim stranicama objaviti Izjavu o pristupa\u010dnosti svog mre\u017enog sjedi\u0161ta i aplikacija vezanih uz usluge i projekte, njihovoj uskla\u0111enosti s Direktivom (EU) 2016\/2102, te omogu\u0107iti pru\u017eanje povratnih informacija korisnika radi daljnjeg unaprje\u0111enja mre\u017ene pristupa\u010dnosti.<\/p>\n<p>OP\u0106ENITO<\/p>\n<p>Stranica www.pp-grabovaca.hr nastoji osigurati pristupa\u010dnost svojih usluga za osobe s invaliditetom. Ulo\u017eena su znatna sredstva kako bi se pojednostavilo kori\u0161tenje stranice s ciljem da postane pristupa\u010dnija za osobe s invaliditetom, u \u010dvrstom uvjerenju da svaka osoba ima pravo na dostojanstven, ravnopravan, udoban i neovisan \u017eivot.<br \/>\n<strong>Javna Ustanova Pe\u0107inski park Grabova\u010da<\/strong> prepoznaje va\u017enost osiguravanja digitalne pristupa\u010dnosti za sve korisnike, s posebnim naglaskom na lak\u0161em pristupu javnim uslugama i informacijama osobama s invaliditetom, primjenjuju\u0107i, u najve\u0107oj mogu\u0107oj mjeri, Direktivu (EU) 2016\/2102 Europskog parlamenta i Vije\u0107a od 26. listopada 2016. o pristupa\u010dnosti internetskih stranica i mobilnih aplikacija tijela javnog sektora.<br \/>\n<strong>Javna Ustanova Pe\u0107inski park Grabova\u010da<\/strong> kontinuirano pobolj\u0161ava korisni\u010dko iskustvo primjenjuju\u0107i relevantne standarde pristupa\u010dnosti prema smjernicama i standardizaciji mre\u017enog sadr\u017eaja (WCAG 2.1) inicijative za mre\u017enu pristupa\u010dnost (WAI) World Wide Web konzorcija (W3C), organizacije koja se bavi standardizacijom mre\u017enih tehnologija.<\/p>\n<p>PRISTUPA\u010cNOST NA STRANICI &#8211;\u00a0 pp-grabovaca.hr<\/p>\n<p>Na stranici www.pp-grabovaca.hr dostupan je One Click Accessibility plugin koji omogu\u0107uje stranici www.pp-grabovaca.hr da pobolj\u0161a uskla\u0111enost sa Smjernicama za osiguravanje pristupa\u010dnosti mre\u017enih sadr\u017eaja (WCAG 2.1).<\/p>\n<p>OMOGU\u0106AVANJE IZBORNIKA PRISTUPA\u010cNOSTI<\/p>\n<p>Izbornik pristupa\u010dnosti stranice www.pp-grabovaca.hr aktivira se klikom na ikonu izbornika pristupa\u010dnosti koja se pojavljuje u lijevom gornjem uglu stranice. Nakon pokretanja izbornika pristupa\u010dnosti, pri\u010dekajte trenutak dok se izbornik pristupa\u010dnosti ne u\u010dita u cijelosti pa zatim odaberite opciju koja vam najbolje odgovara.<\/p>\n<p>IZJAVA O PRISTUPA\u010cNOSTI<\/p>\n<p>Kao tijelo javnog sektora, <strong>Javna Ustanova Pe\u0107inski park Grabova\u010da<\/strong>\u00a0nastoji svoje mre\u017ene stranice www.pp-grabovaca.hr u\u010diniti pristupa\u010dnima u skladu sa Zakonom o pristupa\u010dnosti mre\u017enih stranica i programskih rje\u0161enja za pokretne ure\u0111aje tijela javnog sektora Republike Hrvatske (NN 17\/19), od 23. rujna 2019., kojim se u nacionalno zakonodavstvo preuzima Direktiva (EU) 2016\/2102 Europskog parlamenta i Vije\u0107a o pristupa\u010dnosti internetskih stranica i mobilnih aplikacija tijela javnog sektora.<\/p>\n<p>STUPANJ USKLA\u0110ENOSTI<\/p>\n<p>Mre\u017ena lokacija www.pp-grabovaca.hr uskla\u0111ena je sa Zakonom o pristupa\u010dnosti mre\u017enih stranica i programskih rje\u0161enja za pokretne ure\u0111aje tijela javnog sektora. Implementacijom nove CMS platforme i preoblikovanjem mre\u017enih stranica 2017.g. ispunjena je ve\u0107ina zahtjeva europske norme EN 301 549 V1.1.2 (2015-04), ali uz neke iznimke.<\/p>\n<p>NEPRISTUPA\u010cNI SADR\u017dAJ<\/p>\n<p>Sadr\u017eaj naveden u nastavku nepristupa\u010dan je zbog sljede\u0107ih razloga:<br \/>\nPristupa\u010dnost PDF dokumenata za osobe s o\u0161te\u0107enjem vida<br \/>\nPojedine PDF datoteke sadr\u017eane u objavama nisu u cijelosti nastale izvozom iz izvori\u0161ne datoteke iz alata Microsoft Office Word uz odabir opcija za pristupa\u010dnost, ve\u0107 skeniranjem tiskanih dokumenata. Rije\u010d je o zapisnicima Upravnih vije\u0107a ustanova ili Izvje\u0161\u0107ima ustanova i komunalnih i trgova\u010dkih dru\u0161tava u vlasni\u0161tvu <strong>Javna Ustanova Pe\u0107inski park Grabova\u010da<\/strong>\u00a0koji nisu pristupa\u010dni jer nisu prikladno pripremljeni za \u010dita\u010de ekrana.<\/p>\n<p>PODIZANJE RAZINE PRISTUPA\u010cNOSTI<\/p>\n<p><strong>Javna Ustanova Pe\u0107inski park Grabova\u010da<\/strong> \u0107e provesti korektivne mjere za rje\u0161avanje problema nepristupa\u010dnog sadr\u017eaja svog mre\u017enog sjedi\u0161ta u maksimalnoj mogu\u0107oj mjeri.<br \/>\nGre\u0161ke kontrasta i promjena veli\u010dine fonta rije\u0161ene su instalacijom WP Accessibility Tools plugin-a \u2013 alata za za pristupa\u010dnost koji se aktivira prelaskom pokaziva\u010da, u gornjem desnom uglu mre\u017enog mjesta.<br \/>\nGre\u0161ke nepotpunog tekstualnog opisa sedam banera na naslovnici u vidu slika (Alt tekst) rije\u0161ene su promjenama u kod pa su sada \u010ditljivi u \u010dita\u010dima zaslona.<br \/>\nDio djelatnika Slu\u017ebe za medije osposobljen je za vo\u0111enje i odr\u017eavanje sadr\u017eaja mre\u017enih stranica i programskih rje\u0161enja za pokretne ure\u0111aje u skladu sa Zakonom o pristupa\u010dnosti poha\u0111anjem jednodnevne radionice namijenjene slu\u017ebenicima zadu\u017eenima za administraciju internetskih stranica u tijelima javnog sektora odnosno obveznicima primjene Zakona, u organizaciji Dr\u017eavne \u0161kola za javnu upravu.<\/p>\n<p>PRIPREMA OVE IZJAVE O PRISTUPA\u010cNOSTI<\/p>\n<p>Ova Izjava pripremljena je dana 13. prosinca 2019., sukladno Predlo\u0161ku izjave o pristupa\u010dnosti koji je u skladu s Direktivom (EU) 2016\/2102 Europskog parlamenta i Vije\u0107a o pristupa\u010dnosti internetskih stranica i mobilnih aplikacija tijela javnog sektora, a utvr\u0111en je Provedbenom odlukom komisije EU 2018\/1523 11. listopada 2018.<br \/>\nZa pripremu ove Izjave kori\u0161tena je metoda samoprocjene koju je provelo tijelo javnog sektora te metode testiranja pristupa\u010dnosti WAVE Web Accessibility Evaluation Tool i WAVE Web Accessibility Evaluation Tool.<br \/>\nOva Izjava upotpunjena je 19. rujna 2020.<\/p>\n<p>POVRATNE INFORMACIJE I PODACI ZA KONTAKT<\/p>\n<p>Sve upite vezane uz pristupa\u010dnost mre\u017ene stranice rijeka.hr korisnici mogu uputiti<br \/>\nE-po\u0161tom: info.grabovaca@gmail.com<br \/>\nTelefonom: +385 53 679 233<br \/>\nPo\u0161tom: <strong>Javna Ustanova Pe\u0107inski park Grabova\u010da<\/strong>, Trg popa Marka Mesica 2, <strong>53202 Perusic<\/strong><\/p>\n<p>INSPEKCIJSKI NADZOR<\/p>\n<p>Tijelo nadle\u017eno za pra\u0107enje uskla\u0111enosti mre\u017enih stranica i programskih rje\u0161enja za pokretne ure\u0111aje tijela javnog sektora sa zahtjevima pristupa\u010dnosti i nadzor nad provedbom Zakona o pristupa\u010dnosti je Povjerenik za informiranje Republike Hrvatske.<br \/>\nU slu\u010daju nezadovoljavaju\u0107ih odgovora na obavijest ili zahtjev za povratne informacije o pristupa\u010dnosti ovim mre\u017enih stranica, korisnici se mogu obratiti Povjereniku za informiranje putem telefona broj +385 1 4609 041 ili putem elektroni\u010dke po\u0161te: pristupacnost@pristupinfo.hr<\/p>","protected":false},"excerpt":{"rendered":"<p>Pristupa\u010dnost mre\u017enih stranica Stupanjem na snagu Zakona o pristupa\u010dnosti mre\u017enih stranica i programskih rje\u0161enja za pokretne ure\u0111aje tijela javnog sektora Republike Hrvatske, Javna Ustanova Pejinski park Grabova\u010da\u00a0\u0107e nakon provedbe testiranja pristupa\u010dnosti, na ovim stranicama objaviti Izjavu o pristupa\u010dnosti svog mre\u017enog sjedi\u0161ta i aplikacija vezanih uz usluge i projekte, njihovoj uskla\u0111enosti s Direktivom (EU) 2016\/2102, te [&hellip;]<\/p>\n","protected":false},"author":1,"featured_media":0,"parent":0,"menu_order":0,"comment_status":"closed","ping_status":"closed","template":"","meta":{"inline_featured_image":false,"_monsterinsights_skip_tracking":false,"_monsterinsights_sitenote_active":false,"_monsterinsights_sitenote_note":"","_monsterinsights_sitenote_category":0,"ocean_post_layout":"full-screen","ocean_both_sidebars_style":"","ocean_both_sidebars_content_width":0,"ocean_both_sidebars_sidebars_width":0,"ocean_sidebar":"0","ocean_second_sidebar":"0","ocean_disable_margins":"enable","ocean_add_body_class":"","ocean_shortcode_before_top_bar":"","ocean_shortcode_after_top_bar":"","ocean_shortcode_before_header":"","ocean_shortcode_after_header":"","ocean_has_shortcode":"","ocean_shortcode_after_title":"","ocean_shortcode_before_footer_widgets":"","ocean_shortcode_after_footer_widgets":"","ocean_shortcode_before_footer_bottom":"","ocean_shortcode_after_footer_bottom":"","ocean_display_top_bar":"default","ocean_display_header":"default","ocean_header_style":"","ocean_center_header_left_menu":"0","ocean_custom_header_template":"0","ocean_custom_logo":0,"ocean_custom_retina_logo":0,"ocean_custom_logo_max_width":0,"ocean_custom_logo_tablet_max_width":0,"ocean_custom_logo_mobile_max_width":0,"ocean_custom_logo_max_height":0,"ocean_custom_logo_tablet_max_height":0,"ocean_custom_logo_mobile_max_height":0,"ocean_header_custom_menu":"0","ocean_menu_typo_font_family":"0","ocean_menu_typo_font_subset":"","ocean_menu_typo_font_size":0,"ocean_menu_typo_font_size_tablet":0,"ocean_menu_typo_font_size_mobile":0,"ocean_menu_typo_font_size_unit":"px","ocean_menu_typo_font_weight":"","ocean_menu_typo_font_weight_tablet":"","ocean_menu_typo_font_weight_mobile":"","ocean_menu_typo_transform":"","ocean_menu_typo_transform_tablet":"","ocean_menu_typo_transform_mobile":"","ocean_menu_typo_line_height":0,"ocean_menu_typo_line_height_tablet":0,"ocean_menu_typo_line_height_mobile":0,"ocean_menu_typo_line_height_unit":"","ocean_menu_typo_spacing":0,"ocean_menu_typo_spacing_tablet":0,"ocean_menu_typo_spacing_mobile":0,"ocean_menu_typo_spacing_unit":"","ocean_menu_link_color":"","ocean_menu_link_color_hover":"","ocean_menu_link_color_active":"","ocean_menu_link_background":"","ocean_menu_link_hover_background":"","ocean_menu_link_active_background":"","ocean_menu_social_links_bg":"","ocean_menu_social_hover_links_bg":"","ocean_menu_social_links_color":"","ocean_menu_social_hover_links_color":"","ocean_disable_title":"default","ocean_disable_heading":"default","ocean_post_title":"","ocean_post_subheading":"","ocean_post_title_style":"","ocean_post_title_background_color":"","ocean_post_title_background":0,"ocean_post_title_bg_image_position":"","ocean_post_title_bg_image_attachment":"","ocean_post_title_bg_image_repeat":"","ocean_post_title_bg_image_size":"","ocean_post_title_height":0,"ocean_post_title_bg_overlay":0.5,"ocean_post_title_bg_overlay_color":"","ocean_disable_breadcrumbs":"default","ocean_breadcrumbs_color":"","ocean_breadcrumbs_separator_color":"","ocean_breadcrumbs_links_color":"","ocean_breadcrumbs_links_hover_color":"","ocean_display_footer_widgets":"default","ocean_display_footer_bottom":"default","ocean_custom_footer_template":"0","_jet_sm_ready_style":"","_jet_sm_style":"","_jet_sm_controls_values":"","_jet_sm_fonts_collection":"","_jet_sm_fonts_links":"","footnotes":""},"class_list":["post-2847","page","type-page","status-publish","hentry","entry"],"yoast_head":"<!-- This site is optimized with the Yoast SEO plugin v27.4 - https:\/\/yoast.com\/product\/yoast-seo-wordpress\/ -->\n<title>PRISTUPA\u010cNOST MRE\u017dNIH STRANICA - Pe\u0107inski park Grabova\u010da<\/title>\n<meta name=\"robots\" content=\"index, follow, max-snippet:-1, max-image-preview:large, max-video-preview:-1\" \/>\n<link rel=\"canonical\" href=\"https:\/\/pp-grabovaca.hr\/en\/pristupacnost-mreznih-stranica\/\" \/>\n<meta property=\"og:locale\" content=\"en_US\" \/>\n<meta property=\"og:type\" content=\"article\" \/>\n<meta property=\"og:title\" content=\"PRISTUPA\u010cNOST MRE\u017dNIH STRANICA - Pe\u0107inski park Grabova\u010da\" \/>\n<meta property=\"og:description\" content=\"Pristupa\u010dnost mre\u017enih stranica Stupanjem na snagu Zakona o pristupa\u010dnosti mre\u017enih stranica i programskih rje\u0161enja za pokretne ure\u0111aje tijela javnog sektora Republike Hrvatske, Javna Ustanova Pejinski park Grabova\u010da\u00a0\u0107e nakon provedbe testiranja pristupa\u010dnosti, na ovim stranicama objaviti Izjavu o pristupa\u010dnosti svog mre\u017enog sjedi\u0161ta i aplikacija vezanih uz usluge i projekte, njihovoj uskla\u0111enosti s Direktivom (EU) 2016\/2102, te [&hellip;]\" \/>\n<meta property=\"og:url\" content=\"https:\/\/pp-grabovaca.hr\/en\/pristupacnost-mreznih-stranica\/\" \/>\n<meta property=\"og:site_name\" content=\"Pe\u0107inski park Grabova\u010da\" \/>\n<meta property=\"article:publisher\" content=\"https:\/\/www.facebook.com\/Grabovaca\/\" \/>\n<meta property=\"article:modified_time\" content=\"2022-01-25T15:55:02+00:00\" \/>\n<meta name=\"twitter:card\" content=\"summary_large_image\" \/>\n<meta name=\"twitter:label1\" content=\"Est. reading time\" \/>\n\t<meta name=\"twitter:data1\" content=\"5 minutes\" \/>\n<script type=\"application\/ld+json\" class=\"yoast-schema-graph\">{\"@context\":\"https:\\\/\\\/schema.org\",\"@graph\":[{\"@type\":\"WebPage\",\"@id\":\"https:\\\/\\\/pp-grabovaca.hr\\\/pristupacnost-mreznih-stranica\\\/\",\"url\":\"https:\\\/\\\/pp-grabovaca.hr\\\/pristupacnost-mreznih-stranica\\\/\",\"name\":\"PRISTUPA\u010cNOST MRE\u017dNIH STRANICA - Pe\u0107inski park Grabova\u010da\",\"isPartOf\":{\"@id\":\"https:\\\/\\\/pp-grabovaca.hr\\\/#website\"},\"datePublished\":\"2022-01-25T15:50:06+00:00\",\"dateModified\":\"2022-01-25T15:55:02+00:00\",\"breadcrumb\":{\"@id\":\"https:\\\/\\\/pp-grabovaca.hr\\\/pristupacnost-mreznih-stranica\\\/#breadcrumb\"},\"inLanguage\":\"en-US\",\"potentialAction\":[{\"@type\":\"ReadAction\",\"target\":[\"https:\\\/\\\/pp-grabovaca.hr\\\/pristupacnost-mreznih-stranica\\\/\"]}]},{\"@type\":\"BreadcrumbList\",\"@id\":\"https:\\\/\\\/pp-grabovaca.hr\\\/pristupacnost-mreznih-stranica\\\/#breadcrumb\",\"itemListElement\":[{\"@type\":\"ListItem\",\"position\":1,\"name\":\"Po\u010detna stranica\",\"item\":\"https:\\\/\\\/pp-grabovaca.hr\\\/\"},{\"@type\":\"ListItem\",\"position\":2,\"name\":\"PRISTUPA\u010cNOST MRE\u017dNIH STRANICA\"}]},{\"@type\":\"WebSite\",\"@id\":\"https:\\\/\\\/pp-grabovaca.hr\\\/#website\",\"url\":\"https:\\\/\\\/pp-grabovaca.hr\\\/\",\"name\":\"Pe\u0107inski park Grabova\u010da\",\"description\":\"Discover the underground, discover yourself\",\"publisher\":{\"@id\":\"https:\\\/\\\/pp-grabovaca.hr\\\/#organization\"},\"potentialAction\":[{\"@type\":\"SearchAction\",\"target\":{\"@type\":\"EntryPoint\",\"urlTemplate\":\"https:\\\/\\\/pp-grabovaca.hr\\\/?s={search_term_string}\"},\"query-input\":{\"@type\":\"PropertyValueSpecification\",\"valueRequired\":true,\"valueName\":\"search_term_string\"}}],\"inLanguage\":\"en-US\"},{\"@type\":\"Organization\",\"@id\":\"https:\\\/\\\/pp-grabovaca.hr\\\/#organization\",\"name\":\"Pe\u0107inski park Grabova\u010da\",\"url\":\"https:\\\/\\\/pp-grabovaca.hr\\\/\",\"logo\":{\"@type\":\"ImageObject\",\"inLanguage\":\"en-US\",\"@id\":\"https:\\\/\\\/pp-grabovaca.hr\\\/#\\\/schema\\\/logo\\\/image\\\/\",\"url\":\"https:\\\/\\\/pp-grabovaca.hr\\\/wp-content\\\/uploads\\\/2021\\\/12\\\/cropped-logo-grabovaca.jpg\",\"contentUrl\":\"https:\\\/\\\/pp-grabovaca.hr\\\/wp-content\\\/uploads\\\/2021\\\/12\\\/cropped-logo-grabovaca.jpg\",\"width\":403,\"height\":246,\"caption\":\"Pe\u0107inski park Grabova\u010da\"},\"image\":{\"@id\":\"https:\\\/\\\/pp-grabovaca.hr\\\/#\\\/schema\\\/logo\\\/image\\\/\"},\"sameAs\":[\"https:\\\/\\\/www.facebook.com\\\/Grabovaca\\\/\",\"https:\\\/\\\/www.instagram.com\\\/park.grabovaca\\\/\"]}]}<\/script>\n<!-- \/ Yoast SEO plugin. -->","yoast_head_json":{"title":"PRISTUPA\u010cNOST MRE\u017dNIH STRANICA - Pe\u0107inski park Grabova\u010da","robots":{"index":"index","follow":"follow","max-snippet":"max-snippet:-1","max-image-preview":"max-image-preview:large","max-video-preview":"max-video-preview:-1"},"canonical":"https:\/\/pp-grabovaca.hr\/en\/pristupacnost-mreznih-stranica\/","og_locale":"en_US","og_type":"article","og_title":"PRISTUPA\u010cNOST MRE\u017dNIH STRANICA - Pe\u0107inski park Grabova\u010da","og_description":"Pristupa\u010dnost mre\u017enih stranica Stupanjem na snagu Zakona o pristupa\u010dnosti mre\u017enih stranica i programskih rje\u0161enja za pokretne ure\u0111aje tijela javnog sektora Republike Hrvatske, Javna Ustanova Pejinski park Grabova\u010da\u00a0\u0107e nakon provedbe testiranja pristupa\u010dnosti, na ovim stranicama objaviti Izjavu o pristupa\u010dnosti svog mre\u017enog sjedi\u0161ta i aplikacija vezanih uz usluge i projekte, njihovoj uskla\u0111enosti s Direktivom (EU) 2016\/2102, te [&hellip;]","og_url":"https:\/\/pp-grabovaca.hr\/en\/pristupacnost-mreznih-stranica\/","og_site_name":"Pe\u0107inski park Grabova\u010da","article_publisher":"https:\/\/www.facebook.com\/Grabovaca\/","article_modified_time":"2022-01-25T15:55:02+00:00","twitter_card":"summary_large_image","twitter_misc":{"Est. reading time":"5 minutes"},"schema":{"@context":"https:\/\/schema.org","@graph":[{"@type":"WebPage","@id":"https:\/\/pp-grabovaca.hr\/pristupacnost-mreznih-stranica\/","url":"https:\/\/pp-grabovaca.hr\/pristupacnost-mreznih-stranica\/","name":"PRISTUPA\u010cNOST MRE\u017dNIH STRANICA - Pe\u0107inski park Grabova\u010da","isPartOf":{"@id":"https:\/\/pp-grabovaca.hr\/#website"},"datePublished":"2022-01-25T15:50:06+00:00","dateModified":"2022-01-25T15:55:02+00:00","breadcrumb":{"@id":"https:\/\/pp-grabovaca.hr\/pristupacnost-mreznih-stranica\/#breadcrumb"},"inLanguage":"en-US","potentialAction":[{"@type":"ReadAction","target":["https:\/\/pp-grabovaca.hr\/pristupacnost-mreznih-stranica\/"]}]},{"@type":"BreadcrumbList","@id":"https:\/\/pp-grabovaca.hr\/pristupacnost-mreznih-stranica\/#breadcrumb","itemListElement":[{"@type":"ListItem","position":1,"name":"Po\u010detna stranica","item":"https:\/\/pp-grabovaca.hr\/"},{"@type":"ListItem","position":2,"name":"PRISTUPA\u010cNOST MRE\u017dNIH STRANICA"}]},{"@type":"WebSite","@id":"https:\/\/pp-grabovaca.hr\/#website","url":"https:\/\/pp-grabovaca.hr\/","name":"Cave Park Grabova\u010da","description":"Discover the underground, discover yourself","publisher":{"@id":"https:\/\/pp-grabovaca.hr\/#organization"},"potentialAction":[{"@type":"SearchAction","target":{"@type":"EntryPoint","urlTemplate":"https:\/\/pp-grabovaca.hr\/?s={search_term_string}"},"query-input":{"@type":"PropertyValueSpecification","valueRequired":true,"valueName":"search_term_string"}}],"inLanguage":"en-US"},{"@type":"Organization","@id":"https:\/\/pp-grabovaca.hr\/#organization","name":"Cave Park Grabova\u010da","url":"https:\/\/pp-grabovaca.hr\/","logo":{"@type":"ImageObject","inLanguage":"en-US","@id":"https:\/\/pp-grabovaca.hr\/#\/schema\/logo\/image\/","url":"https:\/\/pp-grabovaca.hr\/wp-content\/uploads\/2021\/12\/cropped-logo-grabovaca.jpg","contentUrl":"https:\/\/pp-grabovaca.hr\/wp-content\/uploads\/2021\/12\/cropped-logo-grabovaca.jpg","width":403,"height":246,"caption":"Pe\u0107inski park Grabova\u010da"},"image":{"@id":"https:\/\/pp-grabovaca.hr\/#\/schema\/logo\/image\/"},"sameAs":["https:\/\/www.facebook.com\/Grabovaca\/","https:\/\/www.instagram.com\/park.grabovaca\/"]}]}},"_links":{"self":[{"href":"https:\/\/pp-grabovaca.hr\/en\/wp-json\/wp\/v2\/pages\/2847","targetHints":{"allow":["GET"]}}],"collection":[{"href":"https:\/\/pp-grabovaca.hr\/en\/wp-json\/wp\/v2\/pages"}],"about":[{"href":"https:\/\/pp-grabovaca.hr\/en\/wp-json\/wp\/v2\/types\/page"}],"author":[{"embeddable":true,"href":"https:\/\/pp-grabovaca.hr\/en\/wp-json\/wp\/v2\/users\/1"}],"replies":[{"embeddable":true,"href":"https:\/\/pp-grabovaca.hr\/en\/wp-json\/wp\/v2\/comments?post=2847"}],"version-history":[{"count":2,"href":"https:\/\/pp-grabovaca.hr\/en\/wp-json\/wp\/v2\/pages\/2847\/revisions"}],"predecessor-version":[{"id":2850,"href":"https:\/\/pp-grabovaca.hr\/en\/wp-json\/wp\/v2\/pages\/2847\/revisions\/2850"}],"wp:attachment":[{"href":"https:\/\/pp-grabovaca.hr\/en\/wp-json\/wp\/v2\/media?parent=2847"}],"curies":[{"name":"wp","href":"https:\/\/api.w.org\/{rel}","templated":true}]}}