{"id":3,"date":"2021-12-13T21:12:30","date_gmt":"2021-12-13T21:12:30","guid":{"rendered":"https:\/\/pp-grabovaca.hr\/?page_id=3"},"modified":"2021-12-27T20:25:26","modified_gmt":"2021-12-27T20:25:26","slug":"privacy-policy","status":"publish","type":"page","link":"https:\/\/pp-grabovaca.hr\/en\/privacy-policy\/","title":{"rendered":"Privacy Policy"},"content":{"rendered":"<div class=\"glavna-tekst\">\r\n<h2><strong>Kori\u0161tenje kola\u010di\u0107a (cookies)<\/strong><\/h2>\r\n<p>Ova Internet stranica te njezine on-line usluge mogu koristiti kola\u010di\u0107e radi pobolj\u0161anja usluga.<br \/>Odluka o dopu\u0161tanju kori\u0161tenja kola\u010di\u0107a na Internet stranici u potpunosti je va\u0161a. Treba napomenuti da Internet stranica funkcionira optimalno samo ako je omogu\u0107eno kori\u0161tenje kola\u010di\u0107a.<\/p>\r\n<p><strong>\u0160to su kola\u010di\u0107i?<\/strong><\/p>\r\n<p>Kola\u010di\u0107i (cookies) su male datoteke koje Va\u0161 preglednik sprema na disk prilikom posjete na\u0161e Internet stranice. To omogu\u0107uje na\u0161oj web stranici da prepozna Va\u0161e ra\u010dunalo kada nas sljede\u0107i put posjetite, kako bi vam sukladno tome ponudili personalizirano iskustvo prilikom va\u0161eg surfanja. Kola\u010di\u0107i nisu usmjereni na \u0161pijuniranje korisnika i ne slijede sve \u0161to korisnik radi te nisu zlonamjerni kod ili virus. Tako\u0111er kola\u010di\u0107i nisu povezani s ne\u017eeljenim porukama ili spamom, ne mogu spremiti lozinku i nisu namijenjeni isklju\u010divo za reklame ili ogla\u0161avanje. Informacije poput Va\u0161eg imena ili e-mail adrese ne\u0107e biti spremljene \u2013 web stranice ne mogu pristupiti va\u0161im osobnim informacijama i datotekama na Va\u0161em ra\u010dunalu.<\/p>\r\n<p>Da bi \u201ekola\u010di\u0107e\u201c mogli koristiti sukladno Zakonu o elektroni\u010dkim komunikacijama, Zakonu o za\u0161titi osobnih podataka, Direktivama EU 2002\/58\/EZ i 95\/46\/EZ te GDPR direktivi, treba nam va\u0161a privola.<\/p>\r\n<p><strong>Vrste kola\u010di\u0107a<\/strong><\/p>\r\n<ul>\r\n<li>Kola\u010di\u0107i sesije i Trajni kola\u010di\u0107i\r\n<ul>\r\n<li>Kola\u010di\u0107i sesije (session cookies) su privremeni kola\u010di\u0107i koji istje\u010du nakon \u0161to napustite web stranicu. Ti kola\u010di\u0107i su obvezni za pravilan rad odre\u0111enih aplikacija ili funkcionalnosti na ovoj Stranici.<\/li>\r\n<li>Trajni kola\u010di\u0107i (persistent cookies) se koriste radi pobolj\u0161anja iskustva na\u0161ih korisnika (npr. pam\u0107enje detalja prijave, tako da ih ne morate upisati svaki put kada possjetite web stranicu). Ti kola\u010di\u0107i ostaju u kola\u010di\u0107 datoteci Va\u0161eg preglednika du\u017ee vrijeme. Taj vremenski period ovisit \u0107e o izboru postavki na Va\u0161em Internet pregledniku. Trajni kola\u010di\u0107i omogu\u0107uju da se podaci prenesu na web server svaki put kada posjetite stranicu.<\/li>\r\n<\/ul>\r\n<\/li>\r\n<li>Kola\u010di\u0107i prve i tre\u0107e strane\r\n<ul>\r\n<li>Kola\u010di\u0107i prve strane (first-party cookies) \u2013 izdaje ih ova Internet stranica. Ovi kola\u010di\u0107i \u010desto slu\u017ee za pravilan rad web stranice te za pam\u0107enje Va\u0161ih preferenci na web stranici.<\/li>\r\n<li>Kola\u010di\u0107i tre\u0107e strane (third-party cookies) su kola\u010di\u0107i koji su postavljeni od strane druge web stranice ili usluge kao \u0161to je npr. YouTube. Nemamo pristup ni kontrolu nad ovim kola\u010di\u0107ima. Trebate se konzultirati sa odgovaraju\u0107im pravilima o privatnosti tih tre\u0107ih strana. Ako se nalazite u Europskoj uniji mo\u017eete saznati vi\u0161e o tome kako tre\u0107e strane koriste ove vrste kola\u010di\u0107a na sljede\u0107em linku:\u00a0<a role=\"link\" href=\"https:\/\/haw.nsk.hr\/wayback\/20201225053433\/http:\/\/www.youronlinechoices.eu\/\" rel=\"nofollow\">http:\/\/www.youronlinechoices.eu\/<\/a>.<\/li>\r\n<li>Facebook &#8211; Ovo su privremeni i trajni kola\u010di\u0107i koje Facebook koristi kako bi pru\u017eio agencijama za ogla\u0161avanje informacije o Va\u0161em posjetu na\u0161oj web stranici kako bi Vam mogli prikazati oglase za proizvode i usluge od Va\u0161eg interesa. Ovi kola\u010di\u0107i nam tako\u0111er omogu\u0107uju da postavimo poveznice na Facebook stranice.<\/li>\r\n<\/ul>\r\n<\/li>\r\n<li>Neophodni i ostali kola\u010di\u0107i\r\n<ul>\r\n<li>Neophodni kola\u010di\u0107i su neophodni za rad na\u0161e web stranice i kori\u0161tenje njegovih zna\u010dajki i \/ ili usluga. Na primjer, omogu\u0107uju vam navigaciju po web stranici i mogu\u0107nost prijave u sigurna podru\u010dja. Kori\u0161tenjem ove Internet stranice automatski dajete privolu na uporabu neophodnih kola\u010di\u0107a bez kojih web stranica ne mo\u017ee funkcionirati. To su PHPSESSID kola\u010di\u0107i i _exp kola\u010di\u0107i.<\/li>\r\n<li>Kola\u010di\u0107i za performanse prikupljaju informacije o tome kako posjetitelji upotrebljavaju na\u0161u web stranicu, na primjer, na koje stranice posjetitelji naj\u010de\u0161\u0107e dolaze i ako dobiju poruke o pogre\u0161kama sa tih stranica. Ovi kola\u010di\u0107i ne prikupljaju podatke koji identificiraju posjetitelja. Sve informacije koje prikupljaju ovi kola\u010di\u0107i su anonimne. Koriste se samo za pobolj\u0161anje funkcioniranja ove web stranice.<\/li>\r\n<li>Funkcionalni kola\u010di\u0107i omogu\u0107uju na\u0161oj web stranici da pamti odabire i prilagodbe koje ste napravili tijekom posjeta i pru\u017eaju pobolj\u0161ane osobne zna\u010dajke. Na primjer, pam\u0107enje promjena jezi\u010dnih postavki ili preferencije valute. Tako\u0111er se mogu koristiti kako bi se omogu\u0107ilo tre\u0107im stranama kako bi pru\u017eili alate za dru\u0161tveno dijeljenje i zapamtili va\u0161e \u017eeljene usluge dijeljenja.<\/li>\r\n<li>Marketing kola\u010di\u0107i se koriste za pra\u0107enje posjetitelja preko web stranice. Namjera je prikazati oglase koji su relevantni i zanimljivi za pojedinog korisnika, a time i vi\u0161e vrijedni za izdava\u010de i ogla\u0161ava\u010de tre\u0107ih strana.<\/li>\r\n<\/ul>\r\n<\/li>\r\n<\/ul>\r\n<p><strong>Kola\u010di\u0107i koji se koriste na ovoj Internet stranici:<\/strong><\/p>\r\n<ul>\r\n<li>PHPSESSID\r\n<ul>\r\n<li>Kola\u010di\u0107i s imenom PHPSESSID sadr\u017ee samo referencu na sesiju pohranjenu na web poslu\u017eitelju. Nijedan podatak nije pohranjen u korisnikovom pregledniku i ovaj kola\u010di\u0107 mo\u017ee se koristiti samo na trenutnoj web stranici.<\/li>\r\n<li>Kola\u010di\u0107i prve strane \u2013 Ova internet stranica<\/li>\r\n<li>Sesijski kola\u010di\u0107<\/li>\r\n<\/ul>\r\n<\/li>\r\n<li>cc_cookie_accept\r\n<ul>\r\n<li>Kola\u010di\u0107 koji se koristi za pam\u0107enje postavki korisnika \u2013 prihva\u0107anje kori\u0161tenja svih kola\u010di\u0107a na ovoj internet stranici. Ovaj kola\u010di\u0107 zna samo va\u0161e zadnje postavke kola\u010di\u0107a i ne odra\u017eava trenuta\u010dno stanje kola\u010di\u0107a u va\u0161em pregledniku.<\/li>\r\n<li>Kola\u010di\u0107i prve strane \u2013 Ova internet stranica<\/li>\r\n<li>Sesijski \/ Trajni kola\u010di\u0107 (ako ne prihvatite sve kola\u010di\u0107e onda je Sesijski kola\u010di\u0107, u suprotnom je Trajni kola\u010di\u0107 sa trajanjem od 1 godine)<\/li>\r\n<\/ul>\r\n<\/li>\r\n<li>cc_cookie_decline\r\n<ul>\r\n<li>Kola\u010di\u0107 koji se koristi za pam\u0107enje postavki korisnika \u2013 prihva\u0107anje kori\u0161tenja samo neophodnih kola\u010di\u0107a na ovoj internet stranici. Ovaj kola\u010di\u0107 zna samo va\u0161e zadnje postavke kola\u010di\u0107a i ne odra\u017eava trenuta\u010dno stanje kola\u010di\u0107a u va\u0161em pregledniku.<\/li>\r\n<li>Kola\u010di\u0107i prve strane \u2013 Ova internet stranica<\/li>\r\n<li>Sesijski \/ Trajni kola\u010di\u0107 (ako prihvatite sve kola\u010di\u0107e onda je Sesijski kola\u010di\u0107, u suprotnom je Trajni kola\u010di\u0107 sa trajanjem od 1 godine)<\/li>\r\n<\/ul>\r\n<\/li>\r\n<li>NID (6 mjeseci), 1P_JAR (1 mjesec), CONSENT (20 godina)\r\n<ul>\r\n<li>Ova web stranica koristi Google kartu, ovi kola\u010di\u0107i registriraju anonimne statisti\u010dke podatke o kori\u0161tenju Google-ovih alata i servisa. Ovi kola\u010di\u0107i ne prikupljaju osjetljive podatke osim ako se ne prijavite na svoj google ra\u010dun, u tom slu\u010daju va\u0161i su odabiri povezani s va\u0161im ra\u010dunom. Dodatne informacije potra\u017eite u op\u0107im Google pravilima o privatnosti\u00a0<a role=\"link\" href=\"https:\/\/haw.nsk.hr\/wayback\/20201225053433\/http:\/\/www.google.com\/intl\/en-GB\/policies\/privacy\/\" rel=\"nofollow\">http:\/\/www.google.com\/intl\/en-GB\/policies\/privacy\/<\/a>.<\/li>\r\n<li>Kola\u010di\u0107i tre\u0107e strane \u2013 google.com<\/li>\r\n<li>Trajni kola\u010di\u0107i<\/li>\r\n<\/ul>\r\n<\/li>\r\n<\/ul>\r\n<p><strong>Kako prihvatiti ili odbiti kola\u010di\u0107e<\/strong><\/p>\r\n<p>Uvijek mo\u017eete blokirati upotrebu nekih ili svih kola\u010di\u0107a koje koristimo na na\u0161oj web stranici, no to mo\u017ee utjecati na njenu funkcionalnost.<\/p>\r\n<p>Okvir za postavke kola\u010di\u0107a nalazi se na dnu ove stranice. Nakon odabira postavki, u svakom trenutku mo\u017eete resetirati postavke kola\u010di\u0107a tako\u0111er na dnu ove stranice.<\/p>\r\n<p>Dodatno mo\u017eete prihvatiti ili odbiti neke ili sve kola\u010di\u0107e prilago\u0111avanjem postavki Va\u0161eg preglednika. Na sljede\u0107im linkovima mo\u017eete prona\u0107i informacije o tome kako promijeniti postavke za neke od naj\u010de\u0161\u0107e kori\u0161tenih web preglednika:\u00a0<a role=\"link\" href=\"https:\/\/haw.nsk.hr\/wayback\/20201225053433\/https:\/\/support.mozilla.org\/en-US\/kb\/delete-browsing-search-download-history-firefox?redirectlocale=en-US&amp;redirectslug=Clear+Recent+History\" rel=\"nofollow\">Mozilla Firefox<\/a>,\u00a0<a role=\"link\" href=\"https:\/\/haw.nsk.hr\/wayback\/20201225053433\/https:\/\/support.google.com\/chrome\/answer\/95647?hl=en-GB\" rel=\"nofollow\">Google Chrome<\/a>,\u00a0<a role=\"link\" href=\"https:\/\/haw.nsk.hr\/wayback\/20201225053433\/https:\/\/support.microsoft.com\/en-us\/help\/278835\/how-to-delete-cookie-files-in-internet-explorer\" rel=\"nofollow\">Microsoft Internet Explorer<\/a>,\u00a0<a role=\"link\" href=\"https:\/\/haw.nsk.hr\/wayback\/20201225053433\/https:\/\/support.apple.com\/kb\/PH5042?locale=en_US\" rel=\"nofollow\">Apple Safari<\/a>,\u00a0<a role=\"link\" href=\"https:\/\/haw.nsk.hr\/wayback\/20201225053433\/https:\/\/help.opera.com\/en\/latest\/web-preferences\/#cookies\" rel=\"nofollow\">Opera<\/a>. Neki preglednici Vam omogu\u0107uju surfanje u \u201canonimnom\u201d na\u010dinu rada, ograni\u010davaju\u0107i koli\u010dinu podataka postavljenih na va\u0161em ra\u010dunalu i automatsko brisanje trajnih kola\u010di\u0107a postavljenih na va\u0161 ure\u0111aj kada zavr\u0161ite sesiju pregledavanja. Postoje i mnoge aplikacije tre\u0107ih strana koje mo\u017eete dodati u preglednik da biste blokirali ili upravljali kola\u010di\u0107ima. Mo\u017eete i izbrisati kola\u010di\u0107e koji su prethodno bili postavljeni u va\u0161 preglednik tako da odaberete opciju za brisanje povijesti pregledavanja i pritom uklju\u010dite i opciju brisanja kola\u010di\u0107a. Detaljnije informacije o kola\u010di\u0107ima i pode\u0161avanje postavki preglednika mo\u017eete prona\u0107i na stranici\u00a0<a role=\"link\" href=\"https:\/\/haw.nsk.hr\/wayback\/20201225053433\/http:\/\/www.allaboutcookies.org\/\" rel=\"nofollow\">www.allaboutcookies.org<\/a>.<\/p>\r\n<p>Bilo kakve promjene na\u0161e upotrebe kola\u010di\u0107a za ovu web stranicu objavit \u0107e se ovdje i po potrebi \u0107e se na nju upu\u0107ivati i na web stranice na kojima \u0107e biti istaknute promjene.<\/p>\r\n<\/div>","protected":false},"excerpt":{"rendered":"<p>Kori\u0161tenje kola\u010di\u0107a (cookies) Ova Internet stranica te njezine on-line usluge mogu koristiti kola\u010di\u0107e radi pobolj\u0161anja usluga.Odluka o dopu\u0161tanju kori\u0161tenja kola\u010di\u0107a na Internet stranici u potpunosti je va\u0161a. Treba napomenuti da Internet stranica funkcionira optimalno samo ako je omogu\u0107eno kori\u0161tenje kola\u010di\u0107a. \u0160to su kola\u010di\u0107i? Kola\u010di\u0107i (cookies) su male datoteke koje Va\u0161 preglednik sprema na disk prilikom [&hellip;]<\/p>\n","protected":false},"author":1,"featured_media":0,"parent":0,"menu_order":0,"comment_status":"closed","ping_status":"open","template":"elementor_header_footer","meta":{"inline_featured_image":false,"_monsterinsights_skip_tracking":false,"_monsterinsights_sitenote_active":false,"_monsterinsights_sitenote_note":"","_monsterinsights_sitenote_category":0,"ocean_post_layout":"full-screen","ocean_both_sidebars_style":"","ocean_both_sidebars_content_width":0,"ocean_both_sidebars_sidebars_width":0,"ocean_sidebar":"0","ocean_second_sidebar":"0","ocean_disable_margins":"enable","ocean_add_body_class":"","ocean_shortcode_before_top_bar":"","ocean_shortcode_after_top_bar":"","ocean_shortcode_before_header":"","ocean_shortcode_after_header":"","ocean_has_shortcode":"","ocean_shortcode_after_title":"","ocean_shortcode_before_footer_widgets":"","ocean_shortcode_after_footer_widgets":"","ocean_shortcode_before_footer_bottom":"","ocean_shortcode_after_footer_bottom":"","ocean_display_top_bar":"default","ocean_display_header":"default","ocean_header_style":"","ocean_center_header_left_menu":"0","ocean_custom_header_template":"0","ocean_custom_logo":0,"ocean_custom_retina_logo":0,"ocean_custom_logo_max_width":0,"ocean_custom_logo_tablet_max_width":0,"ocean_custom_logo_mobile_max_width":0,"ocean_custom_logo_max_height":0,"ocean_custom_logo_tablet_max_height":0,"ocean_custom_logo_mobile_max_height":0,"ocean_header_custom_menu":"0","ocean_menu_typo_font_family":"0","ocean_menu_typo_font_subset":"","ocean_menu_typo_font_size":0,"ocean_menu_typo_font_size_tablet":0,"ocean_menu_typo_font_size_mobile":0,"ocean_menu_typo_font_size_unit":"px","ocean_menu_typo_font_weight":"","ocean_menu_typo_font_weight_tablet":"","ocean_menu_typo_font_weight_mobile":"","ocean_menu_typo_transform":"","ocean_menu_typo_transform_tablet":"","ocean_menu_typo_transform_mobile":"","ocean_menu_typo_line_height":0,"ocean_menu_typo_line_height_tablet":0,"ocean_menu_typo_line_height_mobile":0,"ocean_menu_typo_line_height_unit":"","ocean_menu_typo_spacing":0,"ocean_menu_typo_spacing_tablet":0,"ocean_menu_typo_spacing_mobile":0,"ocean_menu_typo_spacing_unit":"","ocean_menu_link_color":"","ocean_menu_link_color_hover":"","ocean_menu_link_color_active":"","ocean_menu_link_background":"","ocean_menu_link_hover_background":"","ocean_menu_link_active_background":"","ocean_menu_social_links_bg":"","ocean_menu_social_hover_links_bg":"","ocean_menu_social_links_color":"","ocean_menu_social_hover_links_color":"","ocean_disable_title":"default","ocean_disable_heading":"default","ocean_post_title":"","ocean_post_subheading":"","ocean_post_title_style":"","ocean_post_title_background_color":"","ocean_post_title_background":0,"ocean_post_title_bg_image_position":"","ocean_post_title_bg_image_attachment":"","ocean_post_title_bg_image_repeat":"","ocean_post_title_bg_image_size":"","ocean_post_title_height":0,"ocean_post_title_bg_overlay":0.5,"ocean_post_title_bg_overlay_color":"","ocean_disable_breadcrumbs":"default","ocean_breadcrumbs_color":"","ocean_breadcrumbs_separator_color":"","ocean_breadcrumbs_links_color":"","ocean_breadcrumbs_links_hover_color":"","ocean_display_footer_widgets":"default","ocean_display_footer_bottom":"default","ocean_custom_footer_template":"0","_jet_sm_ready_style":"","_jet_sm_style":"","_jet_sm_controls_values":"","_jet_sm_fonts_collection":"","_jet_sm_fonts_links":"","footnotes":""},"class_list":["post-3","page","type-page","status-publish","hentry","entry"],"yoast_head":"<!-- This site is optimized with the Yoast SEO plugin v27.5 - https:\/\/yoast.com\/product\/yoast-seo-wordpress\/ -->\n<title>Privacy Policy - Pe\u0107inski park Grabova\u010da<\/title>\n<meta name=\"robots\" content=\"index, follow, max-snippet:-1, max-image-preview:large, max-video-preview:-1\" \/>\n<link rel=\"canonical\" href=\"https:\/\/pp-grabovaca.hr\/en\/privacy-policy\/\" \/>\n<meta property=\"og:locale\" content=\"en_US\" \/>\n<meta property=\"og:type\" content=\"article\" \/>\n<meta property=\"og:title\" content=\"Privacy Policy - Pe\u0107inski park Grabova\u010da\" \/>\n<meta property=\"og:description\" content=\"Kori\u0161tenje kola\u010di\u0107a (cookies) Ova Internet stranica te njezine on-line usluge mogu koristiti kola\u010di\u0107e radi pobolj\u0161anja usluga.Odluka o dopu\u0161tanju kori\u0161tenja kola\u010di\u0107a na Internet stranici u potpunosti je va\u0161a. Treba napomenuti da Internet stranica funkcionira optimalno samo ako je omogu\u0107eno kori\u0161tenje kola\u010di\u0107a. \u0160to su kola\u010di\u0107i? Kola\u010di\u0107i (cookies) su male datoteke koje Va\u0161 preglednik sprema na disk prilikom [&hellip;]\" \/>\n<meta property=\"og:url\" content=\"https:\/\/pp-grabovaca.hr\/en\/privacy-policy\/\" \/>\n<meta property=\"og:site_name\" content=\"Pe\u0107inski park Grabova\u010da\" \/>\n<meta property=\"article:publisher\" content=\"https:\/\/www.facebook.com\/Grabovaca\/\" \/>\n<meta property=\"article:modified_time\" content=\"2021-12-27T20:25:26+00:00\" \/>\n<meta name=\"twitter:card\" content=\"summary_large_image\" \/>\n<meta name=\"twitter:label1\" content=\"Est. reading time\" \/>\n\t<meta name=\"twitter:data1\" content=\"7 minutes\" \/>\n<script type=\"application\/ld+json\" class=\"yoast-schema-graph\">{\"@context\":\"https:\\\/\\\/schema.org\",\"@graph\":[{\"@type\":\"WebPage\",\"@id\":\"https:\\\/\\\/pp-grabovaca.hr\\\/privacy-policy\\\/\",\"url\":\"https:\\\/\\\/pp-grabovaca.hr\\\/privacy-policy\\\/\",\"name\":\"Privacy Policy - Pe\u0107inski park Grabova\u010da\",\"isPartOf\":{\"@id\":\"https:\\\/\\\/pp-grabovaca.hr\\\/#website\"},\"datePublished\":\"2021-12-13T21:12:30+00:00\",\"dateModified\":\"2021-12-27T20:25:26+00:00\",\"breadcrumb\":{\"@id\":\"https:\\\/\\\/pp-grabovaca.hr\\\/privacy-policy\\\/#breadcrumb\"},\"inLanguage\":\"en-US\",\"potentialAction\":[{\"@type\":\"ReadAction\",\"target\":[\"https:\\\/\\\/pp-grabovaca.hr\\\/privacy-policy\\\/\"]}]},{\"@type\":\"BreadcrumbList\",\"@id\":\"https:\\\/\\\/pp-grabovaca.hr\\\/privacy-policy\\\/#breadcrumb\",\"itemListElement\":[{\"@type\":\"ListItem\",\"position\":1,\"name\":\"Po\u010detna stranica\",\"item\":\"https:\\\/\\\/pp-grabovaca.hr\\\/\"},{\"@type\":\"ListItem\",\"position\":2,\"name\":\"Privacy Policy\"}]},{\"@type\":\"WebSite\",\"@id\":\"https:\\\/\\\/pp-grabovaca.hr\\\/#website\",\"url\":\"https:\\\/\\\/pp-grabovaca.hr\\\/\",\"name\":\"Pe\u0107inski park Grabova\u010da\",\"description\":\"Discover the underground, discover yourself\",\"publisher\":{\"@id\":\"https:\\\/\\\/pp-grabovaca.hr\\\/#organization\"},\"potentialAction\":[{\"@type\":\"SearchAction\",\"target\":{\"@type\":\"EntryPoint\",\"urlTemplate\":\"https:\\\/\\\/pp-grabovaca.hr\\\/?s={search_term_string}\"},\"query-input\":{\"@type\":\"PropertyValueSpecification\",\"valueRequired\":true,\"valueName\":\"search_term_string\"}}],\"inLanguage\":\"en-US\"},{\"@type\":\"Organization\",\"@id\":\"https:\\\/\\\/pp-grabovaca.hr\\\/#organization\",\"name\":\"Pe\u0107inski park Grabova\u010da\",\"url\":\"https:\\\/\\\/pp-grabovaca.hr\\\/\",\"logo\":{\"@type\":\"ImageObject\",\"inLanguage\":\"en-US\",\"@id\":\"https:\\\/\\\/pp-grabovaca.hr\\\/#\\\/schema\\\/logo\\\/image\\\/\",\"url\":\"https:\\\/\\\/pp-grabovaca.hr\\\/wp-content\\\/uploads\\\/2021\\\/12\\\/cropped-logo-grabovaca.jpg\",\"contentUrl\":\"https:\\\/\\\/pp-grabovaca.hr\\\/wp-content\\\/uploads\\\/2021\\\/12\\\/cropped-logo-grabovaca.jpg\",\"width\":403,\"height\":246,\"caption\":\"Pe\u0107inski park Grabova\u010da\"},\"image\":{\"@id\":\"https:\\\/\\\/pp-grabovaca.hr\\\/#\\\/schema\\\/logo\\\/image\\\/\"},\"sameAs\":[\"https:\\\/\\\/www.facebook.com\\\/Grabovaca\\\/\",\"https:\\\/\\\/www.instagram.com\\\/park.grabovaca\\\/\"]}]}<\/script>\n<!-- \/ Yoast SEO plugin. -->","yoast_head_json":{"title":"Privacy Policy - Pe\u0107inski park Grabova\u010da","robots":{"index":"index","follow":"follow","max-snippet":"max-snippet:-1","max-image-preview":"max-image-preview:large","max-video-preview":"max-video-preview:-1"},"canonical":"https:\/\/pp-grabovaca.hr\/en\/privacy-policy\/","og_locale":"en_US","og_type":"article","og_title":"Privacy Policy - Pe\u0107inski park Grabova\u010da","og_description":"Kori\u0161tenje kola\u010di\u0107a (cookies) Ova Internet stranica te njezine on-line usluge mogu koristiti kola\u010di\u0107e radi pobolj\u0161anja usluga.Odluka o dopu\u0161tanju kori\u0161tenja kola\u010di\u0107a na Internet stranici u potpunosti je va\u0161a. Treba napomenuti da Internet stranica funkcionira optimalno samo ako je omogu\u0107eno kori\u0161tenje kola\u010di\u0107a. \u0160to su kola\u010di\u0107i? Kola\u010di\u0107i (cookies) su male datoteke koje Va\u0161 preglednik sprema na disk prilikom [&hellip;]","og_url":"https:\/\/pp-grabovaca.hr\/en\/privacy-policy\/","og_site_name":"Pe\u0107inski park Grabova\u010da","article_publisher":"https:\/\/www.facebook.com\/Grabovaca\/","article_modified_time":"2021-12-27T20:25:26+00:00","twitter_card":"summary_large_image","twitter_misc":{"Est. reading time":"7 minutes"},"schema":{"@context":"https:\/\/schema.org","@graph":[{"@type":"WebPage","@id":"https:\/\/pp-grabovaca.hr\/privacy-policy\/","url":"https:\/\/pp-grabovaca.hr\/privacy-policy\/","name":"Privacy Policy - Pe\u0107inski park Grabova\u010da","isPartOf":{"@id":"https:\/\/pp-grabovaca.hr\/#website"},"datePublished":"2021-12-13T21:12:30+00:00","dateModified":"2021-12-27T20:25:26+00:00","breadcrumb":{"@id":"https:\/\/pp-grabovaca.hr\/privacy-policy\/#breadcrumb"},"inLanguage":"en-US","potentialAction":[{"@type":"ReadAction","target":["https:\/\/pp-grabovaca.hr\/privacy-policy\/"]}]},{"@type":"BreadcrumbList","@id":"https:\/\/pp-grabovaca.hr\/privacy-policy\/#breadcrumb","itemListElement":[{"@type":"ListItem","position":1,"name":"Po\u010detna stranica","item":"https:\/\/pp-grabovaca.hr\/"},{"@type":"ListItem","position":2,"name":"Privacy Policy"}]},{"@type":"WebSite","@id":"https:\/\/pp-grabovaca.hr\/#website","url":"https:\/\/pp-grabovaca.hr\/","name":"Cave Park Grabova\u010da","description":"Discover the underground, discover yourself","publisher":{"@id":"https:\/\/pp-grabovaca.hr\/#organization"},"potentialAction":[{"@type":"SearchAction","target":{"@type":"EntryPoint","urlTemplate":"https:\/\/pp-grabovaca.hr\/?s={search_term_string}"},"query-input":{"@type":"PropertyValueSpecification","valueRequired":true,"valueName":"search_term_string"}}],"inLanguage":"en-US"},{"@type":"Organization","@id":"https:\/\/pp-grabovaca.hr\/#organization","name":"Cave Park Grabova\u010da","url":"https:\/\/pp-grabovaca.hr\/","logo":{"@type":"ImageObject","inLanguage":"en-US","@id":"https:\/\/pp-grabovaca.hr\/#\/schema\/logo\/image\/","url":"https:\/\/pp-grabovaca.hr\/wp-content\/uploads\/2021\/12\/cropped-logo-grabovaca.jpg","contentUrl":"https:\/\/pp-grabovaca.hr\/wp-content\/uploads\/2021\/12\/cropped-logo-grabovaca.jpg","width":403,"height":246,"caption":"Pe\u0107inski park Grabova\u010da"},"image":{"@id":"https:\/\/pp-grabovaca.hr\/#\/schema\/logo\/image\/"},"sameAs":["https:\/\/www.facebook.com\/Grabovaca\/","https:\/\/www.instagram.com\/park.grabovaca\/"]}]}},"_links":{"self":[{"href":"https:\/\/pp-grabovaca.hr\/en\/wp-json\/wp\/v2\/pages\/3","targetHints":{"allow":["GET"]}}],"collection":[{"href":"https:\/\/pp-grabovaca.hr\/en\/wp-json\/wp\/v2\/pages"}],"about":[{"href":"https:\/\/pp-grabovaca.hr\/en\/wp-json\/wp\/v2\/types\/page"}],"author":[{"embeddable":true,"href":"https:\/\/pp-grabovaca.hr\/en\/wp-json\/wp\/v2\/users\/1"}],"replies":[{"embeddable":true,"href":"https:\/\/pp-grabovaca.hr\/en\/wp-json\/wp\/v2\/comments?post=3"}],"version-history":[{"count":3,"href":"https:\/\/pp-grabovaca.hr\/en\/wp-json\/wp\/v2\/pages\/3\/revisions"}],"predecessor-version":[{"id":2390,"href":"https:\/\/pp-grabovaca.hr\/en\/wp-json\/wp\/v2\/pages\/3\/revisions\/2390"}],"wp:attachment":[{"href":"https:\/\/pp-grabovaca.hr\/en\/wp-json\/wp\/v2\/media?parent=3"}],"curies":[{"name":"wp","href":"https:\/\/api.w.org\/{rel}","templated":true}]}}