{"id":3018,"date":"2022-02-09T08:53:43","date_gmt":"2022-02-09T08:53:43","guid":{"rendered":"https:\/\/pp-grabovaca.hr\/?page_id=3018"},"modified":"2025-06-12T11:36:01","modified_gmt":"2025-06-12T11:36:01","slug":"cjenik","status":"publish","type":"page","link":"https:\/\/pp-grabovaca.hr\/en\/cjenik\/","title":{"rendered":"Price list"},"content":{"rendered":"<div data-elementor-type=\"wp-page\" data-elementor-id=\"3018\" class=\"elementor elementor-3018\" data-elementor-post-type=\"page\">\n\t\t\t\t\t\t<section class=\"elementor-section elementor-top-section elementor-element elementor-element-a226281 elementor-section-boxed elementor-section-height-default elementor-section-height-default\" data-id=\"a226281\" data-element_type=\"section\" data-e-type=\"section\" data-settings=\"{&quot;jet_parallax_layout_list&quot;:[]}\">\n\t\t\t\t\t\t<div class=\"elementor-container elementor-column-gap-default\">\n\t\t\t\t\t<div class=\"elementor-column elementor-col-100 elementor-top-column elementor-element elementor-element-1b088c3\" data-id=\"1b088c3\" data-element_type=\"column\" data-e-type=\"column\">\n\t\t\t<div class=\"elementor-widget-wrap elementor-element-populated\">\n\t\t\t\t\t\t<div class=\"elementor-element elementor-element-5c53e42 elementor-widget elementor-widget-image\" data-id=\"5c53e42\" data-element_type=\"widget\" data-e-type=\"widget\" data-widget_type=\"image.default\">\n\t\t\t\t<div class=\"elementor-widget-container\">\n\t\t\t\t\t\t\t\t\t\t\t\t\t\t\t<img fetchpriority=\"high\" decoding=\"async\" width=\"1024\" height=\"724\" src=\"https:\/\/pp-grabovaca.hr\/wp-content\/uploads\/2025\/06\/CJENIK-2024--1024x724.jpg\" class=\"attachment-large size-large wp-image-5538\" alt=\"\" srcset=\"https:\/\/pp-grabovaca.hr\/wp-content\/uploads\/2025\/06\/CJENIK-2024--1024x724.jpg 1024w, https:\/\/pp-grabovaca.hr\/wp-content\/uploads\/2025\/06\/CJENIK-2024--300x212.jpg 300w, https:\/\/pp-grabovaca.hr\/wp-content\/uploads\/2025\/06\/CJENIK-2024--768x543.jpg 768w, https:\/\/pp-grabovaca.hr\/wp-content\/uploads\/2025\/06\/CJENIK-2024--1536x1086.jpg 1536w, https:\/\/pp-grabovaca.hr\/wp-content\/uploads\/2025\/06\/CJENIK-2024--2048x1448.jpg 2048w, https:\/\/pp-grabovaca.hr\/wp-content\/uploads\/2025\/06\/CJENIK-2024--18x12.jpg 18w\" sizes=\"(max-width: 1024px) 100vw, 1024px\" \/>\t\t\t\t\t\t\t\t\t\t\t\t\t\t\t<\/div>\n\t\t\t\t<\/div>\n\t\t\t\t<div class=\"elementor-element elementor-element-1ce6a37 elementor-headline--style-rotate elementor-widget elementor-widget-animated-headline\" data-id=\"1ce6a37\" data-element_type=\"widget\" data-e-type=\"widget\" data-settings=\"{&quot;headline_style&quot;:&quot;rotate&quot;,&quot;animation_type&quot;:&quot;slide&quot;,&quot;rotating_text&quot;:&quot;\\u0161pilju Samograd\\npou\\u010dne staze\\nrijeku Liku&quot;,&quot;loop&quot;:&quot;yes&quot;,&quot;rotate_iteration_delay&quot;:2500}\" data-widget_type=\"animated-headline.default\">\n\t\t\t\t<div class=\"elementor-widget-container\">\n\t\t\t\t\t\t\t\t<a href=\"https:\/\/pp-grabovaca.hr\/en\/posjetite-park\/\">\n\n\t\t\t\t\t<h3 class=\"elementor-headline elementor-headline-animation-type-slide\">\n\t\t\t\t\t<span class=\"elementor-headline-plain-text elementor-headline-text-wrapper\">Visit<\/span>\n\t\t\t\t<span class=\"elementor-headline-dynamic-wrapper elementor-headline-text-wrapper\">\n\t\t\t\t\t<span class=\"elementor-headline-dynamic-text elementor-headline-text-active\">\n\t\t\t\t\u0161pilju&nbsp;Samograd\t\t\t<\/span>\n\t\t\t\t\t<span class=\"elementor-headline-dynamic-text\">\n\t\t\t\tpou\u010dne&nbsp;staze\t\t\t<\/span>\n\t\t\t\t\t<span class=\"elementor-headline-dynamic-text\">\n\t\t\t\trijeku&nbsp;Liku\t\t\t<\/span>\n\t\t\t\t\t\t<\/span>\n\t\t\t\t<\/h3>\n\t\t<\/a>\t\t\t\t<\/div>\n\t\t\t\t<\/div>\n\t\t\t\t\t<\/div>\n\t\t<\/div>\n\t\t\t\t\t<\/div>\n\t\t<\/section>\n\t\t\t\t<section class=\"elementor-section elementor-top-section elementor-element elementor-element-dce4782 elementor-section-boxed elementor-section-height-default elementor-section-height-default\" data-id=\"dce4782\" data-element_type=\"section\" data-e-type=\"section\" data-settings=\"{&quot;jet_parallax_layout_list&quot;:[]}\">\n\t\t\t\t\t\t<div class=\"elementor-container elementor-column-gap-default\">\n\t\t\t\t\t<div class=\"elementor-column elementor-col-33 elementor-top-column elementor-element elementor-element-aaf19ff\" data-id=\"aaf19ff\" data-element_type=\"column\" data-e-type=\"column\">\n\t\t\t<div class=\"elementor-widget-wrap elementor-element-populated\">\n\t\t\t\t\t\t<div class=\"elementor-element elementor-element-6570849 elementor-widget elementor-widget-text-editor\" data-id=\"6570849\" data-element_type=\"widget\" data-e-type=\"widget\" data-widget_type=\"text-editor.default\">\n\t\t\t\t<div class=\"elementor-widget-container\">\n\t\t\t\t\t\t\t\t\t<p><strong>Kupnjom ulaznice za obilazak \u0161pilje Samograd s vodi\u010dem, svi ostali sadr\u017eaji u Parku (pou\u010dne staze, \u0160umski toranj, biljni vrt s hobitskom ku\u0107icom, dje\u010dja igrali\u0161ta&#8230;) su besplatni!<\/strong><\/p>\t\t\t\t\t\t\t\t<\/div>\n\t\t\t\t<\/div>\n\t\t\t\t\t<\/div>\n\t\t<\/div>\n\t\t\t\t<div class=\"elementor-column elementor-col-66 elementor-top-column elementor-element elementor-element-15ae122\" data-id=\"15ae122\" data-element_type=\"column\" data-e-type=\"column\">\n\t\t\t<div class=\"elementor-widget-wrap elementor-element-populated\">\n\t\t\t\t\t\t<div class=\"elementor-element elementor-element-63cd2a7 elementor-widget elementor-widget-image\" data-id=\"63cd2a7\" data-element_type=\"widget\" data-e-type=\"widget\" data-widget_type=\"image.default\">\n\t\t\t\t<div class=\"elementor-widget-container\">\n\t\t\t\t\t\t\t\t\t\t\t\t\t\t\t<img decoding=\"async\" width=\"300\" height=\"169\" src=\"https:\/\/pp-grabovaca.hr\/wp-content\/uploads\/2024\/09\/vidikovac-magla-300x169.jpg\" class=\"attachment-medium size-medium wp-image-5002\" alt=\"\" srcset=\"https:\/\/pp-grabovaca.hr\/wp-content\/uploads\/2024\/09\/vidikovac-magla-300x169.jpg 300w, https:\/\/pp-grabovaca.hr\/wp-content\/uploads\/2024\/09\/vidikovac-magla-1024x577.jpg 1024w, https:\/\/pp-grabovaca.hr\/wp-content\/uploads\/2024\/09\/vidikovac-magla-768x432.jpg 768w, https:\/\/pp-grabovaca.hr\/wp-content\/uploads\/2024\/09\/vidikovac-magla-1536x865.jpg 1536w, https:\/\/pp-grabovaca.hr\/wp-content\/uploads\/2024\/09\/vidikovac-magla-18x10.jpg 18w, https:\/\/pp-grabovaca.hr\/wp-content\/uploads\/2024\/09\/vidikovac-magla-800x450.jpg 800w, https:\/\/pp-grabovaca.hr\/wp-content\/uploads\/2024\/09\/vidikovac-magla.jpg 2000w\" sizes=\"(max-width: 300px) 100vw, 300px\" \/>\t\t\t\t\t\t\t\t\t\t\t\t\t\t\t<\/div>\n\t\t\t\t<\/div>\n\t\t\t\t\t<\/div>\n\t\t<\/div>\n\t\t\t\t\t<\/div>\n\t\t<\/section>\n\t\t\t\t<section class=\"elementor-section elementor-top-section elementor-element elementor-element-7919703 elementor-section-boxed elementor-section-height-default elementor-section-height-default\" data-id=\"7919703\" data-element_type=\"section\" data-e-type=\"section\" data-settings=\"{&quot;jet_parallax_layout_list&quot;:[]}\">\n\t\t\t\t\t\t<div class=\"elementor-container elementor-column-gap-default\">\n\t\t\t\t\t<div class=\"elementor-column elementor-col-50 elementor-top-column elementor-element elementor-element-4a1c0a9\" data-id=\"4a1c0a9\" data-element_type=\"column\" data-e-type=\"column\">\n\t\t\t<div class=\"elementor-widget-wrap elementor-element-populated\">\n\t\t\t\t\t\t<div class=\"elementor-element elementor-element-a2839ab elementor-position-top elementor-widget elementor-widget-image-box\" data-id=\"a2839ab\" data-element_type=\"widget\" data-e-type=\"widget\" data-widget_type=\"image-box.default\">\n\t\t\t\t<div class=\"elementor-widget-container\">\n\t\t\t\t\t<div class=\"elementor-image-box-wrapper\"><figure class=\"elementor-image-box-img\"><a href=\"http:\/\/www.e-djecjakartica.hr\" tabindex=\"-1\"><img decoding=\"async\" width=\"269\" height=\"271\" src=\"https:\/\/pp-grabovaca.hr\/wp-content\/uploads\/2022\/02\/ponosni-partner.png\" class=\"attachment-full size-full wp-image-3165\" alt=\"\" srcset=\"https:\/\/pp-grabovaca.hr\/wp-content\/uploads\/2022\/02\/ponosni-partner.png 269w, https:\/\/pp-grabovaca.hr\/wp-content\/uploads\/2022\/02\/ponosni-partner-150x150.png 150w, https:\/\/pp-grabovaca.hr\/wp-content\/uploads\/2022\/02\/ponosni-partner-12x12.png 12w\" sizes=\"(max-width: 269px) 100vw, 269px\" \/><\/a><\/figure><div class=\"elementor-image-box-content\"><h3 class=\"elementor-image-box-title\"><a href=\"http:\/\/www.e-djecjakartica.hr\">Planirate obiteljski izlet?<\/a><\/h3><p class=\"elementor-image-box-description\">e-Dje\u010dja kartica namijenjena je roditeljima, \u010dije kori\u0161tenje omogu\u0107ava razne pogodnosti ili popuste na proizvode i usluge!<\/p><\/div><\/div>\t\t\t\t<\/div>\n\t\t\t\t<\/div>\n\t\t\t\t\t<\/div>\n\t\t<\/div>\n\t\t\t\t<div class=\"elementor-column elementor-col-50 elementor-top-column elementor-element elementor-element-53c7026\" data-id=\"53c7026\" data-element_type=\"column\" data-e-type=\"column\">\n\t\t\t<div class=\"elementor-widget-wrap elementor-element-populated\">\n\t\t\t\t\t\t<div class=\"elementor-element elementor-element-6fe8fcb elementor-widget elementor-widget-image\" data-id=\"6fe8fcb\" data-element_type=\"widget\" data-e-type=\"widget\" data-widget_type=\"image.default\">\n\t\t\t\t<div class=\"elementor-widget-container\">\n\t\t\t\t\t\t\t\t\t\t\t\t\t\t\t<img loading=\"lazy\" decoding=\"async\" width=\"1024\" height=\"768\" src=\"https:\/\/pp-grabovaca.hr\/wp-content\/uploads\/2022\/02\/190398768_4156075164458339_5775697227079093913_n-1024x768-1.jpg\" class=\"attachment-large size-large wp-image-2942\" alt=\"\" srcset=\"https:\/\/pp-grabovaca.hr\/wp-content\/uploads\/2022\/02\/190398768_4156075164458339_5775697227079093913_n-1024x768-1.jpg 1024w, https:\/\/pp-grabovaca.hr\/wp-content\/uploads\/2022\/02\/190398768_4156075164458339_5775697227079093913_n-1024x768-1-300x225.jpg 300w, https:\/\/pp-grabovaca.hr\/wp-content\/uploads\/2022\/02\/190398768_4156075164458339_5775697227079093913_n-1024x768-1-768x576.jpg 768w, https:\/\/pp-grabovaca.hr\/wp-content\/uploads\/2022\/02\/190398768_4156075164458339_5775697227079093913_n-1024x768-1-16x12.jpg 16w\" sizes=\"(max-width: 1024px) 100vw, 1024px\" \/>\t\t\t\t\t\t\t\t\t\t\t\t\t\t\t<\/div>\n\t\t\t\t<\/div>\n\t\t\t\t\t<\/div>\n\t\t<\/div>\n\t\t\t\t\t<\/div>\n\t\t<\/section>\n\t\t\t\t<section class=\"elementor-section elementor-top-section elementor-element elementor-element-fe14445 elementor-section-boxed elementor-section-height-default elementor-section-height-default\" data-id=\"fe14445\" data-element_type=\"section\" data-e-type=\"section\" data-settings=\"{&quot;jet_parallax_layout_list&quot;:[]}\">\n\t\t\t\t\t\t<div class=\"elementor-container elementor-column-gap-default\">\n\t\t\t\t\t<div class=\"elementor-column elementor-col-100 elementor-top-column elementor-element elementor-element-c7d3be7\" data-id=\"c7d3be7\" data-element_type=\"column\" data-e-type=\"column\">\n\t\t\t<div class=\"elementor-widget-wrap elementor-element-populated\">\n\t\t\t\t\t\t<div class=\"elementor-element elementor-element-6490b64 elementor-widget elementor-widget-jet-headline\" data-id=\"6490b64\" data-element_type=\"widget\" data-e-type=\"widget\" data-widget_type=\"jet-headline.default\">\n\t\t\t\t<div class=\"elementor-widget-container\">\n\t\t\t\t\t<h2 class=\"jet-headline jet-headline--direction-horizontal\"><span class=\"jet-headline__part jet-headline__first\"><span class=\"jet-headline__deco jet-headline__deco-icon\"><i aria-hidden=\"true\" class=\"fas fa-biking\"><\/i><\/span><span class=\"jet-headline__label\">Aktivni<\/span><\/span><span class=\"jet-headline__space\">&nbsp;<\/span><span class=\"jet-headline__part jet-headline__second\"><span class=\"jet-headline__label\">odmor<\/span><\/span><\/h2>\t\t\t\t<\/div>\n\t\t\t\t<\/div>\n\t\t\t\t\t<\/div>\n\t\t<\/div>\n\t\t\t\t\t<\/div>\n\t\t<\/section>\n\t\t\t\t<\/div>","protected":false},"excerpt":{"rendered":"<p>Posjetite \u0161pilju&nbsp;Samograd pou\u010dne&nbsp;staze rijeku&nbsp;Liku Kupnjom ulaznice za obilazak \u0161pilje Samograd s vodi\u010dem, svi ostali sadr\u017eaji u Parku (pou\u010dne staze, \u0160umski toranj, biljni vrt s hobitskom ku\u0107icom, dje\u010dja igrali\u0161ta&#8230;) su besplatni! Planirate obiteljski izlet? e-Dje\u010dja kartica namijenjena je roditeljima, \u010dije kori\u0161tenje omogu\u0107ava razne pogodnosti ili popuste na proizvode i usluge! Aktivni&nbsp;odmor<\/p>","protected":false},"author":3,"featured_media":0,"parent":0,"menu_order":0,"comment_status":"closed","ping_status":"closed","template":"","meta":{"inline_featured_image":false,"_monsterinsights_skip_tracking":false,"_monsterinsights_sitenote_active":false,"_monsterinsights_sitenote_note":"","_monsterinsights_sitenote_category":0,"ocean_post_layout":"full-screen","ocean_both_sidebars_style":"","ocean_both_sidebars_content_width":0,"ocean_both_sidebars_sidebars_width":0,"ocean_sidebar":"0","ocean_second_sidebar":"0","ocean_disable_margins":"enable","ocean_add_body_class":"","ocean_shortcode_before_top_bar":"","ocean_shortcode_after_top_bar":"","ocean_shortcode_before_header":"","ocean_shortcode_after_header":"","ocean_has_shortcode":"","ocean_shortcode_after_title":"","ocean_shortcode_before_footer_widgets":"","ocean_shortcode_after_footer_widgets":"","ocean_shortcode_before_footer_bottom":"","ocean_shortcode_after_footer_bottom":"","ocean_display_top_bar":"default","ocean_display_header":"default","ocean_header_style":"","ocean_center_header_left_menu":"0","ocean_custom_header_template":"0","ocean_custom_logo":0,"ocean_custom_retina_logo":0,"ocean_custom_logo_max_width":0,"ocean_custom_logo_tablet_max_width":0,"ocean_custom_logo_mobile_max_width":0,"ocean_custom_logo_max_height":0,"ocean_custom_logo_tablet_max_height":0,"ocean_custom_logo_mobile_max_height":0,"ocean_header_custom_menu":"5","ocean_menu_typo_font_family":"0","ocean_menu_typo_font_subset":"","ocean_menu_typo_font_size":0,"ocean_menu_typo_font_size_tablet":0,"ocean_menu_typo_font_size_mobile":0,"ocean_menu_typo_font_size_unit":"px","ocean_menu_typo_font_weight":"","ocean_menu_typo_font_weight_tablet":"","ocean_menu_typo_font_weight_mobile":"","ocean_menu_typo_transform":"","ocean_menu_typo_transform_tablet":"","ocean_menu_typo_transform_mobile":"","ocean_menu_typo_line_height":0,"ocean_menu_typo_line_height_tablet":0,"ocean_menu_typo_line_height_mobile":0,"ocean_menu_typo_line_height_unit":"","ocean_menu_typo_spacing":0,"ocean_menu_typo_spacing_tablet":0,"ocean_menu_typo_spacing_mobile":0,"ocean_menu_typo_spacing_unit":"","ocean_menu_link_color":"","ocean_menu_link_color_hover":"","ocean_menu_link_color_active":"","ocean_menu_link_background":"","ocean_menu_link_hover_background":"","ocean_menu_link_active_background":"","ocean_menu_social_links_bg":"","ocean_menu_social_hover_links_bg":"","ocean_menu_social_links_color":"","ocean_menu_social_hover_links_color":"","ocean_disable_title":"default","ocean_disable_heading":"default","ocean_post_title":"","ocean_post_subheading":"","ocean_post_title_style":"","ocean_post_title_background_color":"","ocean_post_title_background":0,"ocean_post_title_bg_image_position":"","ocean_post_title_bg_image_attachment":"","ocean_post_title_bg_image_repeat":"","ocean_post_title_bg_image_size":"","ocean_post_title_height":0,"ocean_post_title_bg_overlay":0.5,"ocean_post_title_bg_overlay_color":"","ocean_disable_breadcrumbs":"default","ocean_breadcrumbs_color":"","ocean_breadcrumbs_separator_color":"","ocean_breadcrumbs_links_color":"","ocean_breadcrumbs_links_hover_color":"","ocean_display_footer_widgets":"default","ocean_display_footer_bottom":"default","ocean_custom_footer_template":"0","_jet_sm_ready_style":"","_jet_sm_style":"","_jet_sm_controls_values":"","_jet_sm_fonts_collection":"","_jet_sm_fonts_links":"","footnotes":""},"class_list":["post-3018","page","type-page","status-publish","hentry","entry"],"yoast_head":"<!-- This site is optimized with the Yoast SEO plugin v27.4 - https:\/\/yoast.com\/product\/yoast-seo-wordpress\/ -->\n<title>Cjenik - Pe\u0107inski park Grabova\u010da<\/title>\n<meta name=\"robots\" content=\"index, follow, max-snippet:-1, max-image-preview:large, max-video-preview:-1\" \/>\n<link rel=\"canonical\" href=\"https:\/\/pp-grabovaca.hr\/en\/cjenik\/\" \/>\n<meta property=\"og:locale\" content=\"en_US\" \/>\n<meta property=\"og:type\" content=\"article\" \/>\n<meta property=\"og:title\" content=\"Cjenik - Pe\u0107inski park Grabova\u010da\" \/>\n<meta property=\"og:description\" content=\"Posjetite \u0161pilju&nbsp;Samograd pou\u010dne&nbsp;staze rijeku&nbsp;Liku Kupnjom ulaznice za obilazak \u0161pilje Samograd s vodi\u010dem, svi ostali sadr\u017eaji u Parku (pou\u010dne staze, \u0160umski toranj, biljni vrt s hobitskom ku\u0107icom, dje\u010dja igrali\u0161ta&#8230;) su besplatni! Planirate obiteljski izlet? e-Dje\u010dja kartica namijenjena je roditeljima, \u010dije kori\u0161tenje omogu\u0107ava razne pogodnosti ili popuste na proizvode i usluge! Aktivni&nbsp;odmor\" \/>\n<meta property=\"og:url\" content=\"https:\/\/pp-grabovaca.hr\/en\/cjenik\/\" \/>\n<meta property=\"og:site_name\" content=\"Pe\u0107inski park Grabova\u010da\" \/>\n<meta property=\"article:publisher\" content=\"https:\/\/www.facebook.com\/Grabovaca\/\" \/>\n<meta property=\"article:modified_time\" content=\"2025-06-12T11:36:01+00:00\" \/>\n<meta property=\"og:image\" content=\"https:\/\/pp-grabovaca.hr\/wp-content\/uploads\/2025\/06\/CJENIK-2024--scaled.jpg\" \/>\n\t<meta property=\"og:image:width\" content=\"2560\" \/>\n\t<meta property=\"og:image:height\" content=\"1810\" \/>\n\t<meta property=\"og:image:type\" content=\"image\/jpeg\" \/>\n<meta name=\"twitter:card\" content=\"summary_large_image\" \/>\n<script type=\"application\/ld+json\" class=\"yoast-schema-graph\">{\"@context\":\"https:\\\/\\\/schema.org\",\"@graph\":[{\"@type\":\"WebPage\",\"@id\":\"https:\\\/\\\/pp-grabovaca.hr\\\/cjenik\\\/\",\"url\":\"https:\\\/\\\/pp-grabovaca.hr\\\/cjenik\\\/\",\"name\":\"Cjenik - Pe\u0107inski park Grabova\u010da\",\"isPartOf\":{\"@id\":\"https:\\\/\\\/pp-grabovaca.hr\\\/#website\"},\"primaryImageOfPage\":{\"@id\":\"https:\\\/\\\/pp-grabovaca.hr\\\/cjenik\\\/#primaryimage\"},\"image\":{\"@id\":\"https:\\\/\\\/pp-grabovaca.hr\\\/cjenik\\\/#primaryimage\"},\"thumbnailUrl\":\"https:\\\/\\\/pp-grabovaca.hr\\\/wp-content\\\/uploads\\\/2025\\\/06\\\/CJENIK-2024--1024x724.jpg\",\"datePublished\":\"2022-02-09T08:53:43+00:00\",\"dateModified\":\"2025-06-12T11:36:01+00:00\",\"breadcrumb\":{\"@id\":\"https:\\\/\\\/pp-grabovaca.hr\\\/cjenik\\\/#breadcrumb\"},\"inLanguage\":\"en-US\",\"potentialAction\":[{\"@type\":\"ReadAction\",\"target\":[\"https:\\\/\\\/pp-grabovaca.hr\\\/cjenik\\\/\"]}]},{\"@type\":\"ImageObject\",\"inLanguage\":\"en-US\",\"@id\":\"https:\\\/\\\/pp-grabovaca.hr\\\/cjenik\\\/#primaryimage\",\"url\":\"https:\\\/\\\/pp-grabovaca.hr\\\/wp-content\\\/uploads\\\/2025\\\/06\\\/CJENIK-2024--1024x724.jpg\",\"contentUrl\":\"https:\\\/\\\/pp-grabovaca.hr\\\/wp-content\\\/uploads\\\/2025\\\/06\\\/CJENIK-2024--1024x724.jpg\"},{\"@type\":\"BreadcrumbList\",\"@id\":\"https:\\\/\\\/pp-grabovaca.hr\\\/cjenik\\\/#breadcrumb\",\"itemListElement\":[{\"@type\":\"ListItem\",\"position\":1,\"name\":\"Po\u010detna stranica\",\"item\":\"https:\\\/\\\/pp-grabovaca.hr\\\/\"},{\"@type\":\"ListItem\",\"position\":2,\"name\":\"Cjenik\"}]},{\"@type\":\"WebSite\",\"@id\":\"https:\\\/\\\/pp-grabovaca.hr\\\/#website\",\"url\":\"https:\\\/\\\/pp-grabovaca.hr\\\/\",\"name\":\"Pe\u0107inski park Grabova\u010da\",\"description\":\"Discover the underground, discover yourself\",\"publisher\":{\"@id\":\"https:\\\/\\\/pp-grabovaca.hr\\\/#organization\"},\"potentialAction\":[{\"@type\":\"SearchAction\",\"target\":{\"@type\":\"EntryPoint\",\"urlTemplate\":\"https:\\\/\\\/pp-grabovaca.hr\\\/?s={search_term_string}\"},\"query-input\":{\"@type\":\"PropertyValueSpecification\",\"valueRequired\":true,\"valueName\":\"search_term_string\"}}],\"inLanguage\":\"en-US\"},{\"@type\":\"Organization\",\"@id\":\"https:\\\/\\\/pp-grabovaca.hr\\\/#organization\",\"name\":\"Pe\u0107inski park Grabova\u010da\",\"url\":\"https:\\\/\\\/pp-grabovaca.hr\\\/\",\"logo\":{\"@type\":\"ImageObject\",\"inLanguage\":\"en-US\",\"@id\":\"https:\\\/\\\/pp-grabovaca.hr\\\/#\\\/schema\\\/logo\\\/image\\\/\",\"url\":\"https:\\\/\\\/pp-grabovaca.hr\\\/wp-content\\\/uploads\\\/2021\\\/12\\\/cropped-logo-grabovaca.jpg\",\"contentUrl\":\"https:\\\/\\\/pp-grabovaca.hr\\\/wp-content\\\/uploads\\\/2021\\\/12\\\/cropped-logo-grabovaca.jpg\",\"width\":403,\"height\":246,\"caption\":\"Pe\u0107inski park Grabova\u010da\"},\"image\":{\"@id\":\"https:\\\/\\\/pp-grabovaca.hr\\\/#\\\/schema\\\/logo\\\/image\\\/\"},\"sameAs\":[\"https:\\\/\\\/www.facebook.com\\\/Grabovaca\\\/\",\"https:\\\/\\\/www.instagram.com\\\/park.grabovaca\\\/\"]}]}<\/script>\n<!-- \/ Yoast SEO plugin. -->","yoast_head_json":{"title":"Cjenik - Pe\u0107inski park Grabova\u010da","robots":{"index":"index","follow":"follow","max-snippet":"max-snippet:-1","max-image-preview":"max-image-preview:large","max-video-preview":"max-video-preview:-1"},"canonical":"https:\/\/pp-grabovaca.hr\/en\/cjenik\/","og_locale":"en_US","og_type":"article","og_title":"Cjenik - Pe\u0107inski park Grabova\u010da","og_description":"Posjetite \u0161pilju&nbsp;Samograd pou\u010dne&nbsp;staze rijeku&nbsp;Liku Kupnjom ulaznice za obilazak \u0161pilje Samograd s vodi\u010dem, svi ostali sadr\u017eaji u Parku (pou\u010dne staze, \u0160umski toranj, biljni vrt s hobitskom ku\u0107icom, dje\u010dja igrali\u0161ta&#8230;) su besplatni! Planirate obiteljski izlet? e-Dje\u010dja kartica namijenjena je roditeljima, \u010dije kori\u0161tenje omogu\u0107ava razne pogodnosti ili popuste na proizvode i usluge! Aktivni&nbsp;odmor","og_url":"https:\/\/pp-grabovaca.hr\/en\/cjenik\/","og_site_name":"Pe\u0107inski park Grabova\u010da","article_publisher":"https:\/\/www.facebook.com\/Grabovaca\/","article_modified_time":"2025-06-12T11:36:01+00:00","og_image":[{"width":2560,"height":1810,"url":"https:\/\/pp-grabovaca.hr\/wp-content\/uploads\/2025\/06\/CJENIK-2024--scaled.jpg","type":"image\/jpeg"}],"twitter_card":"summary_large_image","schema":{"@context":"https:\/\/schema.org","@graph":[{"@type":"WebPage","@id":"https:\/\/pp-grabovaca.hr\/cjenik\/","url":"https:\/\/pp-grabovaca.hr\/cjenik\/","name":"Cjenik - Pe\u0107inski park Grabova\u010da","isPartOf":{"@id":"https:\/\/pp-grabovaca.hr\/#website"},"primaryImageOfPage":{"@id":"https:\/\/pp-grabovaca.hr\/cjenik\/#primaryimage"},"image":{"@id":"https:\/\/pp-grabovaca.hr\/cjenik\/#primaryimage"},"thumbnailUrl":"https:\/\/pp-grabovaca.hr\/wp-content\/uploads\/2025\/06\/CJENIK-2024--1024x724.jpg","datePublished":"2022-02-09T08:53:43+00:00","dateModified":"2025-06-12T11:36:01+00:00","breadcrumb":{"@id":"https:\/\/pp-grabovaca.hr\/cjenik\/#breadcrumb"},"inLanguage":"en-US","potentialAction":[{"@type":"ReadAction","target":["https:\/\/pp-grabovaca.hr\/cjenik\/"]}]},{"@type":"ImageObject","inLanguage":"en-US","@id":"https:\/\/pp-grabovaca.hr\/cjenik\/#primaryimage","url":"https:\/\/pp-grabovaca.hr\/wp-content\/uploads\/2025\/06\/CJENIK-2024--1024x724.jpg","contentUrl":"https:\/\/pp-grabovaca.hr\/wp-content\/uploads\/2025\/06\/CJENIK-2024--1024x724.jpg"},{"@type":"BreadcrumbList","@id":"https:\/\/pp-grabovaca.hr\/cjenik\/#breadcrumb","itemListElement":[{"@type":"ListItem","position":1,"name":"Po\u010detna stranica","item":"https:\/\/pp-grabovaca.hr\/"},{"@type":"ListItem","position":2,"name":"Cjenik"}]},{"@type":"WebSite","@id":"https:\/\/pp-grabovaca.hr\/#website","url":"https:\/\/pp-grabovaca.hr\/","name":"Cave Park Grabova\u010da","description":"Discover the underground, discover yourself","publisher":{"@id":"https:\/\/pp-grabovaca.hr\/#organization"},"potentialAction":[{"@type":"SearchAction","target":{"@type":"EntryPoint","urlTemplate":"https:\/\/pp-grabovaca.hr\/?s={search_term_string}"},"query-input":{"@type":"PropertyValueSpecification","valueRequired":true,"valueName":"search_term_string"}}],"inLanguage":"en-US"},{"@type":"Organization","@id":"https:\/\/pp-grabovaca.hr\/#organization","name":"Cave Park Grabova\u010da","url":"https:\/\/pp-grabovaca.hr\/","logo":{"@type":"ImageObject","inLanguage":"en-US","@id":"https:\/\/pp-grabovaca.hr\/#\/schema\/logo\/image\/","url":"https:\/\/pp-grabovaca.hr\/wp-content\/uploads\/2021\/12\/cropped-logo-grabovaca.jpg","contentUrl":"https:\/\/pp-grabovaca.hr\/wp-content\/uploads\/2021\/12\/cropped-logo-grabovaca.jpg","width":403,"height":246,"caption":"Pe\u0107inski park Grabova\u010da"},"image":{"@id":"https:\/\/pp-grabovaca.hr\/#\/schema\/logo\/image\/"},"sameAs":["https:\/\/www.facebook.com\/Grabovaca\/","https:\/\/www.instagram.com\/park.grabovaca\/"]}]}},"_links":{"self":[{"href":"https:\/\/pp-grabovaca.hr\/en\/wp-json\/wp\/v2\/pages\/3018","targetHints":{"allow":["GET"]}}],"collection":[{"href":"https:\/\/pp-grabovaca.hr\/en\/wp-json\/wp\/v2\/pages"}],"about":[{"href":"https:\/\/pp-grabovaca.hr\/en\/wp-json\/wp\/v2\/types\/page"}],"author":[{"embeddable":true,"href":"https:\/\/pp-grabovaca.hr\/en\/wp-json\/wp\/v2\/users\/3"}],"replies":[{"embeddable":true,"href":"https:\/\/pp-grabovaca.hr\/en\/wp-json\/wp\/v2\/comments?post=3018"}],"version-history":[{"count":40,"href":"https:\/\/pp-grabovaca.hr\/en\/wp-json\/wp\/v2\/pages\/3018\/revisions"}],"predecessor-version":[{"id":5541,"href":"https:\/\/pp-grabovaca.hr\/en\/wp-json\/wp\/v2\/pages\/3018\/revisions\/5541"}],"wp:attachment":[{"href":"https:\/\/pp-grabovaca.hr\/en\/wp-json\/wp\/v2\/media?parent=3018"}],"curies":[{"name":"wp","href":"https:\/\/api.w.org\/{rel}","templated":true}]}}