{"id":4626,"date":"2024-03-04T07:49:10","date_gmt":"2024-03-04T07:49:10","guid":{"rendered":"https:\/\/pp-grabovaca.hr\/?page_id=4626"},"modified":"2024-09-05T05:37:20","modified_gmt":"2024-09-05T05:37:20","slug":"planinarske-staze","status":"publish","type":"page","link":"https:\/\/pp-grabovaca.hr\/en\/planinarske-staze\/","title":{"rendered":"WALKINGTRAILS"},"content":{"rendered":"<p><strong>FIVE PEAKS TRAIL<\/strong><\/p>\n<p>The new circular trail, called the 'Five Peaks Trail,' is 30km long and connects the peaks of Grabova\u010da (770m asl), Sklopa\u010da (777m asl), Metla\u010da (799m asl), Risovac (860m asl), and Pe\u0107inski vrh (793m asl). From certain parts of the trail, there are panoramic views of Lake Kru\u0161\u010dica and the Lika River, and part of the trail passes alongside the canyon of the Lika River. The start and finish of the trail are in the Cave park Grabova\u010da, near the souvenir shop (ENTRANCE 1). There will be stamps at each of the five peaks, and you can collect a stamp booklet for free at the souvenir shop\/information desk of the Grabova\u010da Cave Park. Those who conquer all five peaks and bring the stamped booklet will be rewarded!\"<\/p>\n<p><strong>TRAIL LENGHT: 30KM<\/strong><\/p>\n<p><strong>DURATION: 10h<\/strong><\/p>\n<p><strong>FITNESS LEVEL: K3 \u2013 Challenging<\/strong><\/p>\n<p><strong>TECHNICAL DIFFICULTY: T2 \u2013 Moderately challenging<\/strong><\/p>\n<p><strong>ELEVATION GAIN: VR4 - Demanding<\/strong><\/p>\n<p><img fetchpriority=\"high\" decoding=\"async\" class=\"alignnone wp-image-4635\" src=\"https:\/\/pp-grabovaca.hr\/wp-content\/uploads\/2024\/03\/STAZA-PET-VRHOVA-1024x622.jpg\" alt=\"\" width=\"786\" height=\"478\" srcset=\"https:\/\/pp-grabovaca.hr\/wp-content\/uploads\/2024\/03\/STAZA-PET-VRHOVA-1024x622.jpg 1024w, https:\/\/pp-grabovaca.hr\/wp-content\/uploads\/2024\/03\/STAZA-PET-VRHOVA-300x182.jpg 300w, https:\/\/pp-grabovaca.hr\/wp-content\/uploads\/2024\/03\/STAZA-PET-VRHOVA-768x466.jpg 768w, https:\/\/pp-grabovaca.hr\/wp-content\/uploads\/2024\/03\/STAZA-PET-VRHOVA-1536x933.jpg 1536w, https:\/\/pp-grabovaca.hr\/wp-content\/uploads\/2024\/03\/STAZA-PET-VRHOVA-2048x1244.jpg 2048w, https:\/\/pp-grabovaca.hr\/wp-content\/uploads\/2024\/03\/STAZA-PET-VRHOVA-18x12.jpg 18w\" sizes=\"(max-width: 786px) 100vw, 786px\" \/><\/p>\n<p>&nbsp;<\/p>\n<p>&nbsp;<\/p>\n<p><strong>MATINA TRAIL<\/strong><\/p>\n<p>For those who find the 30 kilometers of the 'Five Peaks Trail' challenging, there is a new trail available called 'MATINA TRAIL'. This marked trail, 10.5 kilometers long, is excellent for exploring this part of the Cave park as it connects the peaks of Debela glavica (775m asl.), Ka\u0161ika (835m asl.), and Risovac (860m asl.), starting and ending in the village of Sveti Marko. From certain parts of the trail, there are panoramic views of the Peru\u0161i\u0107ko Polje, the town of Gospi\u0107, and the Lika River. The trail was designed by enthusiast Mato \u0106uti\u0107, a retiree and mountaineer from the village of Sveti Marko.<\/p>\n<p><strong>TRAIL LENGHT: 10km<\/strong><\/p>\n<p><strong>DURATION: 3,5h<\/strong><\/p>\n<p><strong>FITNESs LEVEL: K1 - Easy<\/strong><\/p>\n<p><strong>TECHNICAL DIFFICULTY: T1 - Easy\u00a0<\/strong><\/p>\n<p><strong>ELEVATION GAIN: VR2 - Moderately easy<\/strong><\/p>\n<p><img decoding=\"async\" class=\"alignnone wp-image-4632\" src=\"https:\/\/pp-grabovaca.hr\/wp-content\/uploads\/2024\/03\/MATINA-STAZA-SLIKA-1024x768.jpg\" alt=\"\" width=\"787\" height=\"590\" srcset=\"https:\/\/pp-grabovaca.hr\/wp-content\/uploads\/2024\/03\/MATINA-STAZA-SLIKA-1024x768.jpg 1024w, https:\/\/pp-grabovaca.hr\/wp-content\/uploads\/2024\/03\/MATINA-STAZA-SLIKA-300x225.jpg 300w, https:\/\/pp-grabovaca.hr\/wp-content\/uploads\/2024\/03\/MATINA-STAZA-SLIKA-768x576.jpg 768w, https:\/\/pp-grabovaca.hr\/wp-content\/uploads\/2024\/03\/MATINA-STAZA-SLIKA-1536x1152.jpg 1536w, https:\/\/pp-grabovaca.hr\/wp-content\/uploads\/2024\/03\/MATINA-STAZA-SLIKA-16x12.jpg 16w, https:\/\/pp-grabovaca.hr\/wp-content\/uploads\/2024\/03\/MATINA-STAZA-SLIKA.jpg 2000w\" sizes=\"(max-width: 787px) 100vw, 787px\" \/><\/p>","protected":false},"excerpt":{"rendered":"<p>STAZA PET VRHOVA Nova kru\u017ena staza, naziva \u201eStaza pet vrhova\u201c, duga je 30km te spaja vrhove Grabova\u010da (770mnv.) Sklopa\u010da (777mnv.) Metla\u010da (799mnv.) Risovac (860mnv.) Pe\u0107inski vrh (793 mnv.). S pojedinih dijelova staze pru\u017ea se panoramski pogled na jezero Kru\u0161\u010dica i rijeku Liku, a jednim dijelom staza prolazi uz kanjon rijeke Like. Po\u010detak i zavr\u0161etak staze [&hellip;]<\/p>\n","protected":false},"author":3,"featured_media":0,"parent":0,"menu_order":0,"comment_status":"closed","ping_status":"closed","template":"","meta":{"inline_featured_image":false,"_monsterinsights_skip_tracking":false,"_monsterinsights_sitenote_active":false,"_monsterinsights_sitenote_note":"","_monsterinsights_sitenote_category":0,"ocean_post_layout":"","ocean_both_sidebars_style":"","ocean_both_sidebars_content_width":0,"ocean_both_sidebars_sidebars_width":0,"ocean_sidebar":"0","ocean_second_sidebar":"0","ocean_disable_margins":"enable","ocean_add_body_class":"","ocean_shortcode_before_top_bar":"","ocean_shortcode_after_top_bar":"","ocean_shortcode_before_header":"","ocean_shortcode_after_header":"","ocean_has_shortcode":"","ocean_shortcode_after_title":"","ocean_shortcode_before_footer_widgets":"","ocean_shortcode_after_footer_widgets":"","ocean_shortcode_before_footer_bottom":"","ocean_shortcode_after_footer_bottom":"","ocean_display_top_bar":"default","ocean_display_header":"default","ocean_header_style":"","ocean_center_header_left_menu":"0","ocean_custom_header_template":"0","ocean_custom_logo":0,"ocean_custom_retina_logo":0,"ocean_custom_logo_max_width":0,"ocean_custom_logo_tablet_max_width":0,"ocean_custom_logo_mobile_max_width":0,"ocean_custom_logo_max_height":0,"ocean_custom_logo_tablet_max_height":0,"ocean_custom_logo_mobile_max_height":0,"ocean_header_custom_menu":"0","ocean_menu_typo_font_family":"0","ocean_menu_typo_font_subset":"","ocean_menu_typo_font_size":0,"ocean_menu_typo_font_size_tablet":0,"ocean_menu_typo_font_size_mobile":0,"ocean_menu_typo_font_size_unit":"px","ocean_menu_typo_font_weight":"","ocean_menu_typo_font_weight_tablet":"","ocean_menu_typo_font_weight_mobile":"","ocean_menu_typo_transform":"","ocean_menu_typo_transform_tablet":"","ocean_menu_typo_transform_mobile":"","ocean_menu_typo_line_height":0,"ocean_menu_typo_line_height_tablet":0,"ocean_menu_typo_line_height_mobile":0,"ocean_menu_typo_line_height_unit":"","ocean_menu_typo_spacing":0,"ocean_menu_typo_spacing_tablet":0,"ocean_menu_typo_spacing_mobile":0,"ocean_menu_typo_spacing_unit":"","ocean_menu_link_color":"","ocean_menu_link_color_hover":"","ocean_menu_link_color_active":"","ocean_menu_link_background":"","ocean_menu_link_hover_background":"","ocean_menu_link_active_background":"","ocean_menu_social_links_bg":"","ocean_menu_social_hover_links_bg":"","ocean_menu_social_links_color":"","ocean_menu_social_hover_links_color":"","ocean_disable_title":"default","ocean_disable_heading":"default","ocean_post_title":"","ocean_post_subheading":"","ocean_post_title_style":"","ocean_post_title_background_color":"","ocean_post_title_background":0,"ocean_post_title_bg_image_position":"","ocean_post_title_bg_image_attachment":"","ocean_post_title_bg_image_repeat":"","ocean_post_title_bg_image_size":"","ocean_post_title_height":0,"ocean_post_title_bg_overlay":0.5,"ocean_post_title_bg_overlay_color":"","ocean_disable_breadcrumbs":"default","ocean_breadcrumbs_color":"","ocean_breadcrumbs_separator_color":"","ocean_breadcrumbs_links_color":"","ocean_breadcrumbs_links_hover_color":"","ocean_display_footer_widgets":"default","ocean_display_footer_bottom":"default","ocean_custom_footer_template":"0","_jet_sm_ready_style":"","_jet_sm_style":"","_jet_sm_controls_values":"","_jet_sm_fonts_collection":"","_jet_sm_fonts_links":"","footnotes":""},"class_list":["post-4626","page","type-page","status-publish","hentry","entry"],"yoast_head":"<!-- This site is optimized with the Yoast SEO plugin v27.4 - https:\/\/yoast.com\/product\/yoast-seo-wordpress\/ -->\n<title>PJE\u0160A\u010cKE STAZE - Pe\u0107inski park Grabova\u010da<\/title>\n<meta name=\"robots\" content=\"index, follow, max-snippet:-1, max-image-preview:large, max-video-preview:-1\" \/>\n<link rel=\"canonical\" href=\"https:\/\/pp-grabovaca.hr\/en\/planinarske-staze\/\" \/>\n<meta property=\"og:locale\" content=\"en_US\" \/>\n<meta property=\"og:type\" content=\"article\" \/>\n<meta property=\"og:title\" content=\"PJE\u0160A\u010cKE STAZE - Pe\u0107inski park Grabova\u010da\" \/>\n<meta property=\"og:description\" content=\"STAZA PET VRHOVA Nova kru\u017ena staza, naziva \u201eStaza pet vrhova\u201c, duga je 30km te spaja vrhove Grabova\u010da (770mnv.) Sklopa\u010da (777mnv.) Metla\u010da (799mnv.) Risovac (860mnv.) Pe\u0107inski vrh (793 mnv.). S pojedinih dijelova staze pru\u017ea se panoramski pogled na jezero Kru\u0161\u010dica i rijeku Liku, a jednim dijelom staza prolazi uz kanjon rijeke Like. Po\u010detak i zavr\u0161etak staze [&hellip;]\" \/>\n<meta property=\"og:url\" content=\"https:\/\/pp-grabovaca.hr\/en\/planinarske-staze\/\" \/>\n<meta property=\"og:site_name\" content=\"Pe\u0107inski park Grabova\u010da\" \/>\n<meta property=\"article:publisher\" content=\"https:\/\/www.facebook.com\/Grabovaca\/\" \/>\n<meta property=\"article:modified_time\" content=\"2024-09-05T05:37:20+00:00\" \/>\n<meta property=\"og:image\" content=\"https:\/\/pp-grabovaca.hr\/wp-content\/uploads\/2024\/03\/STAZA-PET-VRHOVA-scaled.jpg\" \/>\n\t<meta property=\"og:image:width\" content=\"2560\" \/>\n\t<meta property=\"og:image:height\" content=\"1555\" \/>\n\t<meta property=\"og:image:type\" content=\"image\/jpeg\" \/>\n<meta name=\"twitter:card\" content=\"summary_large_image\" \/>\n<meta name=\"twitter:label1\" content=\"Est. reading time\" \/>\n\t<meta name=\"twitter:data1\" content=\"1 minute\" \/>\n<script type=\"application\/ld+json\" class=\"yoast-schema-graph\">{\"@context\":\"https:\\\/\\\/schema.org\",\"@graph\":[{\"@type\":\"WebPage\",\"@id\":\"https:\\\/\\\/pp-grabovaca.hr\\\/planinarske-staze\\\/\",\"url\":\"https:\\\/\\\/pp-grabovaca.hr\\\/planinarske-staze\\\/\",\"name\":\"PJE\u0160A\u010cKE STAZE - Pe\u0107inski park Grabova\u010da\",\"isPartOf\":{\"@id\":\"https:\\\/\\\/pp-grabovaca.hr\\\/#website\"},\"primaryImageOfPage\":{\"@id\":\"https:\\\/\\\/pp-grabovaca.hr\\\/planinarske-staze\\\/#primaryimage\"},\"image\":{\"@id\":\"https:\\\/\\\/pp-grabovaca.hr\\\/planinarske-staze\\\/#primaryimage\"},\"thumbnailUrl\":\"https:\\\/\\\/pp-grabovaca.hr\\\/wp-content\\\/uploads\\\/2024\\\/03\\\/STAZA-PET-VRHOVA-1024x622.jpg\",\"datePublished\":\"2024-03-04T07:49:10+00:00\",\"dateModified\":\"2024-09-05T05:37:20+00:00\",\"breadcrumb\":{\"@id\":\"https:\\\/\\\/pp-grabovaca.hr\\\/planinarske-staze\\\/#breadcrumb\"},\"inLanguage\":\"en-US\",\"potentialAction\":[{\"@type\":\"ReadAction\",\"target\":[\"https:\\\/\\\/pp-grabovaca.hr\\\/planinarske-staze\\\/\"]}]},{\"@type\":\"ImageObject\",\"inLanguage\":\"en-US\",\"@id\":\"https:\\\/\\\/pp-grabovaca.hr\\\/planinarske-staze\\\/#primaryimage\",\"url\":\"https:\\\/\\\/pp-grabovaca.hr\\\/wp-content\\\/uploads\\\/2024\\\/03\\\/STAZA-PET-VRHOVA-1024x622.jpg\",\"contentUrl\":\"https:\\\/\\\/pp-grabovaca.hr\\\/wp-content\\\/uploads\\\/2024\\\/03\\\/STAZA-PET-VRHOVA-1024x622.jpg\"},{\"@type\":\"BreadcrumbList\",\"@id\":\"https:\\\/\\\/pp-grabovaca.hr\\\/planinarske-staze\\\/#breadcrumb\",\"itemListElement\":[{\"@type\":\"ListItem\",\"position\":1,\"name\":\"Po\u010detna stranica\",\"item\":\"https:\\\/\\\/pp-grabovaca.hr\\\/\"},{\"@type\":\"ListItem\",\"position\":2,\"name\":\"PJE\u0160A\u010cKE STAZE\"}]},{\"@type\":\"WebSite\",\"@id\":\"https:\\\/\\\/pp-grabovaca.hr\\\/#website\",\"url\":\"https:\\\/\\\/pp-grabovaca.hr\\\/\",\"name\":\"Pe\u0107inski park Grabova\u010da\",\"description\":\"Discover the underground, discover yourself\",\"publisher\":{\"@id\":\"https:\\\/\\\/pp-grabovaca.hr\\\/#organization\"},\"potentialAction\":[{\"@type\":\"SearchAction\",\"target\":{\"@type\":\"EntryPoint\",\"urlTemplate\":\"https:\\\/\\\/pp-grabovaca.hr\\\/?s={search_term_string}\"},\"query-input\":{\"@type\":\"PropertyValueSpecification\",\"valueRequired\":true,\"valueName\":\"search_term_string\"}}],\"inLanguage\":\"en-US\"},{\"@type\":\"Organization\",\"@id\":\"https:\\\/\\\/pp-grabovaca.hr\\\/#organization\",\"name\":\"Pe\u0107inski park Grabova\u010da\",\"url\":\"https:\\\/\\\/pp-grabovaca.hr\\\/\",\"logo\":{\"@type\":\"ImageObject\",\"inLanguage\":\"en-US\",\"@id\":\"https:\\\/\\\/pp-grabovaca.hr\\\/#\\\/schema\\\/logo\\\/image\\\/\",\"url\":\"https:\\\/\\\/pp-grabovaca.hr\\\/wp-content\\\/uploads\\\/2021\\\/12\\\/cropped-logo-grabovaca.jpg\",\"contentUrl\":\"https:\\\/\\\/pp-grabovaca.hr\\\/wp-content\\\/uploads\\\/2021\\\/12\\\/cropped-logo-grabovaca.jpg\",\"width\":403,\"height\":246,\"caption\":\"Pe\u0107inski park Grabova\u010da\"},\"image\":{\"@id\":\"https:\\\/\\\/pp-grabovaca.hr\\\/#\\\/schema\\\/logo\\\/image\\\/\"},\"sameAs\":[\"https:\\\/\\\/www.facebook.com\\\/Grabovaca\\\/\",\"https:\\\/\\\/www.instagram.com\\\/park.grabovaca\\\/\"]}]}<\/script>\n<!-- \/ Yoast SEO plugin. -->","yoast_head_json":{"title":"PJE\u0160A\u010cKE STAZE - Pe\u0107inski park Grabova\u010da","robots":{"index":"index","follow":"follow","max-snippet":"max-snippet:-1","max-image-preview":"max-image-preview:large","max-video-preview":"max-video-preview:-1"},"canonical":"https:\/\/pp-grabovaca.hr\/en\/planinarske-staze\/","og_locale":"en_US","og_type":"article","og_title":"PJE\u0160A\u010cKE STAZE - Pe\u0107inski park Grabova\u010da","og_description":"STAZA PET VRHOVA Nova kru\u017ena staza, naziva \u201eStaza pet vrhova\u201c, duga je 30km te spaja vrhove Grabova\u010da (770mnv.) Sklopa\u010da (777mnv.) Metla\u010da (799mnv.) Risovac (860mnv.) Pe\u0107inski vrh (793 mnv.). S pojedinih dijelova staze pru\u017ea se panoramski pogled na jezero Kru\u0161\u010dica i rijeku Liku, a jednim dijelom staza prolazi uz kanjon rijeke Like. Po\u010detak i zavr\u0161etak staze [&hellip;]","og_url":"https:\/\/pp-grabovaca.hr\/en\/planinarske-staze\/","og_site_name":"Pe\u0107inski park Grabova\u010da","article_publisher":"https:\/\/www.facebook.com\/Grabovaca\/","article_modified_time":"2024-09-05T05:37:20+00:00","og_image":[{"width":2560,"height":1555,"url":"https:\/\/pp-grabovaca.hr\/wp-content\/uploads\/2024\/03\/STAZA-PET-VRHOVA-scaled.jpg","type":"image\/jpeg"}],"twitter_card":"summary_large_image","twitter_misc":{"Est. reading time":"1 minute"},"schema":{"@context":"https:\/\/schema.org","@graph":[{"@type":"WebPage","@id":"https:\/\/pp-grabovaca.hr\/planinarske-staze\/","url":"https:\/\/pp-grabovaca.hr\/planinarske-staze\/","name":"PJE\u0160A\u010cKE STAZE - Pe\u0107inski park Grabova\u010da","isPartOf":{"@id":"https:\/\/pp-grabovaca.hr\/#website"},"primaryImageOfPage":{"@id":"https:\/\/pp-grabovaca.hr\/planinarske-staze\/#primaryimage"},"image":{"@id":"https:\/\/pp-grabovaca.hr\/planinarske-staze\/#primaryimage"},"thumbnailUrl":"https:\/\/pp-grabovaca.hr\/wp-content\/uploads\/2024\/03\/STAZA-PET-VRHOVA-1024x622.jpg","datePublished":"2024-03-04T07:49:10+00:00","dateModified":"2024-09-05T05:37:20+00:00","breadcrumb":{"@id":"https:\/\/pp-grabovaca.hr\/planinarske-staze\/#breadcrumb"},"inLanguage":"en-US","potentialAction":[{"@type":"ReadAction","target":["https:\/\/pp-grabovaca.hr\/planinarske-staze\/"]}]},{"@type":"ImageObject","inLanguage":"en-US","@id":"https:\/\/pp-grabovaca.hr\/planinarske-staze\/#primaryimage","url":"https:\/\/pp-grabovaca.hr\/wp-content\/uploads\/2024\/03\/STAZA-PET-VRHOVA-1024x622.jpg","contentUrl":"https:\/\/pp-grabovaca.hr\/wp-content\/uploads\/2024\/03\/STAZA-PET-VRHOVA-1024x622.jpg"},{"@type":"BreadcrumbList","@id":"https:\/\/pp-grabovaca.hr\/planinarske-staze\/#breadcrumb","itemListElement":[{"@type":"ListItem","position":1,"name":"Po\u010detna stranica","item":"https:\/\/pp-grabovaca.hr\/"},{"@type":"ListItem","position":2,"name":"PJE\u0160A\u010cKE STAZE"}]},{"@type":"WebSite","@id":"https:\/\/pp-grabovaca.hr\/#website","url":"https:\/\/pp-grabovaca.hr\/","name":"Cave Park Grabova\u010da","description":"Discover the underground, discover yourself","publisher":{"@id":"https:\/\/pp-grabovaca.hr\/#organization"},"potentialAction":[{"@type":"SearchAction","target":{"@type":"EntryPoint","urlTemplate":"https:\/\/pp-grabovaca.hr\/?s={search_term_string}"},"query-input":{"@type":"PropertyValueSpecification","valueRequired":true,"valueName":"search_term_string"}}],"inLanguage":"en-US"},{"@type":"Organization","@id":"https:\/\/pp-grabovaca.hr\/#organization","name":"Cave Park Grabova\u010da","url":"https:\/\/pp-grabovaca.hr\/","logo":{"@type":"ImageObject","inLanguage":"en-US","@id":"https:\/\/pp-grabovaca.hr\/#\/schema\/logo\/image\/","url":"https:\/\/pp-grabovaca.hr\/wp-content\/uploads\/2021\/12\/cropped-logo-grabovaca.jpg","contentUrl":"https:\/\/pp-grabovaca.hr\/wp-content\/uploads\/2021\/12\/cropped-logo-grabovaca.jpg","width":403,"height":246,"caption":"Pe\u0107inski park Grabova\u010da"},"image":{"@id":"https:\/\/pp-grabovaca.hr\/#\/schema\/logo\/image\/"},"sameAs":["https:\/\/www.facebook.com\/Grabovaca\/","https:\/\/www.instagram.com\/park.grabovaca\/"]}]}},"_links":{"self":[{"href":"https:\/\/pp-grabovaca.hr\/en\/wp-json\/wp\/v2\/pages\/4626","targetHints":{"allow":["GET"]}}],"collection":[{"href":"https:\/\/pp-grabovaca.hr\/en\/wp-json\/wp\/v2\/pages"}],"about":[{"href":"https:\/\/pp-grabovaca.hr\/en\/wp-json\/wp\/v2\/types\/page"}],"author":[{"embeddable":true,"href":"https:\/\/pp-grabovaca.hr\/en\/wp-json\/wp\/v2\/users\/3"}],"replies":[{"embeddable":true,"href":"https:\/\/pp-grabovaca.hr\/en\/wp-json\/wp\/v2\/comments?post=4626"}],"version-history":[{"count":10,"href":"https:\/\/pp-grabovaca.hr\/en\/wp-json\/wp\/v2\/pages\/4626\/revisions"}],"predecessor-version":[{"id":4920,"href":"https:\/\/pp-grabovaca.hr\/en\/wp-json\/wp\/v2\/pages\/4626\/revisions\/4920"}],"wp:attachment":[{"href":"https:\/\/pp-grabovaca.hr\/en\/wp-json\/wp\/v2\/media?parent=4626"}],"curies":[{"name":"wp","href":"https:\/\/api.w.org\/{rel}","templated":true}]}}